{"id":4011,"date":"2025-05-14T08:19:38","date_gmt":"2025-05-14T08:19:38","guid":{"rendered":"https:\/\/stoic-almeida.82-223-107-92.plesk.page\/gal-casur\/"},"modified":"2025-07-03T09:36:33","modified_gmt":"2025-07-03T09:36:33","slug":"gal-casur","status":"publish","type":"page","link":"https:\/\/galcastellonsur.com\/ca\/gal-casur\/","title":{"rendered":"GAL CASUR"},"content":{"rendered":"<p><div class=\"fusion-fullwidth fullwidth-box fusion-builder-row-1 fusion-flex-container nonhundred-percent-fullwidth non-hundred-percent-height-scrolling\" style=\"--awb-border-radius-top-left:0px;--awb-border-radius-top-right:0px;--awb-border-radius-bottom-right:0px;--awb-border-radius-bottom-left:0px;--awb-padding-top:0px;--awb-padding-right:0px;--awb-padding-bottom:25px;--awb-padding-bottom-medium:80px;--awb-padding-top-small:24px;--awb-padding-bottom-small:90px;--awb-flex-wrap:wrap;\" ><div class=\"fusion-builder-row fusion-row fusion-flex-align-items-center fusion-flex-content-wrap\" style=\"max-width:1310.4px;margin-left: calc(-4% \/ 2 );margin-right: calc(-4% \/ 2 );\"><div class=\"fusion-layout-column fusion_builder_column fusion-builder-column-0 fusion_builder_column_2_5 2_5 fusion-flex-column\" style=\"--awb-bg-position:center top;--awb-bg-size:cover;--awb-width-large:40%;--awb-margin-top-large:10px;--awb-spacing-right-large:3.6%;--awb-margin-bottom-large:0px;--awb-spacing-left-large:4.8%;--awb-width-medium:40%;--awb-order-medium:0;--awb-spacing-right-medium:3.6%;--awb-spacing-left-medium:4.8%;--awb-width-small:100%;--awb-order-small:0;--awb-spacing-right-small:1.92%;--awb-spacing-left-small:1.92%;\"><div class=\"fusion-column-wrapper fusion-column-has-shadow fusion-flex-justify-content-flex-start fusion-content-layout-column\"><div class=\"fusion-image-element \" style=\"--awb-aspect-ratio: 100 \/ 108;--awb-caption-title-font-family:var(--h2_typography-font-family);--awb-caption-title-font-weight:var(--h2_typography-font-weight);--awb-caption-title-font-style:var(--h2_typography-font-style);--awb-caption-title-size:var(--h2_typography-font-size);--awb-caption-title-transform:var(--h2_typography-text-transform);--awb-caption-title-line-height:var(--h2_typography-line-height);--awb-caption-title-letter-spacing:var(--h2_typography-letter-spacing);\"><span class=\" fusion-imageframe imageframe-none imageframe-1 hover-type-none has-aspect-ratio\" style=\"border-radius:12px;\"><img decoding=\"async\" width=\"600\" height=\"783\" title=\"gal casur 2\" src=\"https:\/\/galcastellonsur.com\/wp-content\/uploads\/2025\/06\/gal-casur-2-1.png\" data-orig-src=\"https:\/\/galcastellonsur.com\/wp-content\/uploads\/2025\/06\/gal-casur-2-1.png\" class=\"lazyload img-responsive wp-image-3864 img-with-aspect-ratio\" data-parent-fit=\"cover\" data-parent-container=\".fusion-image-element\" alt srcset=\"data:image\/svg+xml,%3Csvg%20xmlns%3D%27http%3A%2F%2Fwww.w3.org%2F2000%2Fsvg%27%20width%3D%27600%27%20height%3D%27783%27%20viewBox%3D%270%200%20600%20783%27%3E%3Crect%20width%3D%27600%27%20height%3D%27783%27%20fill-opacity%3D%220%22%2F%3E%3C%2Fsvg%3E\" data-srcset=\"https:\/\/galcastellonsur.com\/wp-content\/uploads\/2025\/06\/gal-casur-2-1-200x261.png 200w, https:\/\/galcastellonsur.com\/wp-content\/uploads\/2025\/06\/gal-casur-2-1-400x522.png 400w, https:\/\/galcastellonsur.com\/wp-content\/uploads\/2025\/06\/gal-casur-2-1.png 600w\" data-sizes=\"auto\" data-orig-sizes=\"(max-width: 640px) 100vw, 600px\" \/><\/span><\/div><\/div><\/div><div class=\"fusion-layout-column fusion_builder_column fusion-builder-column-1 fusion_builder_column_3_5 3_5 fusion-flex-column\" style=\"--awb-bg-size:cover;--awb-width-large:60%;--awb-margin-top-large:20px;--awb-spacing-right-large:12.8%;--awb-margin-bottom-large:20px;--awb-spacing-left-large:1.76%;--awb-width-medium:60%;--awb-order-medium:0;--awb-spacing-right-medium:12.8%;--awb-spacing-left-medium:1.76%;--awb-width-small:100%;--awb-order-small:0;--awb-spacing-right-small:1.92%;--awb-spacing-left-small:1.92%;\"><div class=\"fusion-column-wrapper fusion-column-has-shadow fusion-flex-justify-content-center fusion-content-layout-column\"><div class=\"fusion-text fusion-text-1\"><p><span style=\"font-weight: 400;\">El<\/span> <b>Grup d&#8217;Acci\u00f3 Local Castell\u00f3 Sud<\/b> <span style=\"font-weight: 400;\">(GAL CASUR) \u00e9s una associaci\u00f3 sense \u00e0nim de lucre constitu\u00efda el 16 de maig del 2016, amb l&#8217;objectiu de promoure el<\/span> <b>desenvolupament territorial sostenible<\/b><span style=\"font-weight: 400;\"> en la zona sud de la prov\u00edncia de Castell\u00f3 Des de la seua creaci\u00f3, ha treballat per a formar part dels GAL LEADER. <\/span><b>GAL LEADER.  <\/b><\/p>\n<\/div><div class=\"fusion-title title fusion-title-1 fusion-sep-none fusion-title-text fusion-title-size-two\" style=\"--awb-margin-top:0px;\"><h2 class=\"fusion-title-heading title-heading-left fusion-responsive-typography-calculated\" style=\"margin:0;--fontSize:24;--minFontSize:24;line-height:1.2;\">Qui som?<\/h2><\/div><div class=\"fusion-text fusion-text-2\"><p><span style=\"font-weight: 400;\">El GAL CASUR est\u00e0 inscrit en la Secci\u00f3 Primera del Registre Auton\u00f2mic d&#8217;Associacions amb el n\u00famero CV-01-055917-CS. La seua estructura es basa en la col\u00b7laboraci\u00f3 p\u00fablic-privada, comptant actualment amb <\/span><b>58 socis<\/b>, <span style=\"font-weight: 400;\">dels quals<\/span> <b>41 s\u00f3n privats i 17 p\u00fablics<\/b><span style=\"font-weight: 400;\">. Aquests socis conformen l&#8217;Assemblea General, que representa tots els sectors econ\u00f2mics i socials dels municipis que integren el territori del GAL.<\/span><\/p>\n<\/div><div class=\"fusion-text fusion-text-3\"><\/div><\/div><\/div><div class=\"fusion-layout-column fusion_builder_column fusion-builder-column-2 fusion_builder_column_1_1 1_1 fusion-flex-column\" style=\"--awb-bg-position:center top;--awb-bg-size:cover;--awb-width-large:100%;--awb-margin-top-large:10px;--awb-spacing-right-large:1.92%;--awb-margin-bottom-large:10px;--awb-spacing-left-large:1.92%;--awb-width-medium:40%;--awb-order-medium:0;--awb-spacing-right-medium:4.8%;--awb-spacing-left-medium:4.8%;--awb-width-small:100%;--awb-order-small:0;--awb-spacing-right-small:1.92%;--awb-spacing-left-small:1.92%;\"><div class=\"fusion-column-wrapper fusion-column-has-shadow fusion-flex-justify-content-flex-start fusion-content-layout-column\"><\/div><\/div><\/div><\/div><div class=\"fusion-fullwidth fullwidth-box fusion-builder-row-2 fusion-flex-container nonhundred-percent-fullwidth non-hundred-percent-height-scrolling\" style=\"--awb-border-radius-top-left:0px;--awb-border-radius-top-right:0px;--awb-border-radius-bottom-right:0px;--awb-border-radius-bottom-left:0px;--awb-padding-top:31px;--awb-padding-right:0px;--awb-padding-bottom:43px;--awb-padding-left:0px;--awb-padding-top-medium:80px;--awb-padding-bottom-medium:60px;--awb-padding-top-small:121px;--awb-padding-bottom-small:32px;--awb-margin-bottom:-85px;--awb-background-color:rgba(143,93,54,0.05);--awb-flex-wrap:wrap;\" ><div class=\"fusion-builder-row fusion-row fusion-flex-align-items-flex-start fusion-flex-justify-content-center fusion-flex-content-wrap\" style=\"max-width:1310.4px;margin-left: calc(-4% \/ 2 );margin-right: calc(-4% \/ 2 );\"><div class=\"fusion-layout-column fusion_builder_column fusion-builder-column-3 fusion_builder_column_1_2 1_2 fusion-flex-column\" style=\"--awb-padding-top:24px;--awb-padding-right:40px;--awb-padding-bottom:18px;--awb-padding-left:40px;--awb-overflow:hidden;--awb-bg-color:var(--awb-color1);--awb-bg-color-hover:var(--awb-color1);--awb-bg-size:cover;--awb-box-shadow:0px 2px 4px -1px hsla(var(--awb-color1-h),var(--awb-color1-s),calc( var(--awb-color1-l) - 100% ),calc( var(--awb-color1-a) - 95% ));;--awb-border-color:hsla(var(--awb-color1-h),var(--awb-color1-s),calc( var(--awb-color1-l) - 100% ),calc( var(--awb-color1-a) - 95% ));--awb-border-right:1px;--awb-border-bottom:1px;--awb-border-left:1px;--awb-border-style:solid;--awb-border-radius:8px 8px 8px 8px;--awb-width-large:50%;--awb-margin-top-large:20px;--awb-spacing-right-large:16px;--awb-margin-bottom-large:20px;--awb-spacing-left-large:16px;--awb-width-medium:50%;--awb-order-medium:0;--awb-spacing-right-medium:10px;--awb-spacing-left-medium:10px;--awb-width-small:100%;--awb-order-small:0;--awb-spacing-right-small:1.92%;--awb-margin-bottom-small:10px;--awb-spacing-left-small:1.92%;\"><div class=\"fusion-column-wrapper fusion-column-has-shadow fusion-flex-justify-content-flex-start fusion-content-layout-column\"><i class=\"fb-icon-element-1 fb-icon-element fontawesome-icon fa-flag fas circle-no fusion-text-flow icon-hover-animation-slide\" style=\"--awb-iconcolor:#1b6d50;--awb-iconcolor-hover:#1b6d50;--awb-font-size:32px;--awb-margin-right:16px;\"><\/i><div class=\"fusion-title title fusion-title-2 fusion-sep-none fusion-title-text fusion-title-size-two\" style=\"--awb-font-size:24px;\"><h2 class=\"fusion-title-heading title-heading-left fusion-responsive-typography-calculated\" style=\"margin:0;font-size:1em;--fontSize:24;--minFontSize:24;line-height:1.42;\"><h3>La nostra missi\u00f3: Desenvolupament, participaci\u00f3 i innovaci\u00f3<\/h3><\/h2><\/div><div class=\"fusion-text fusion-text-4\"><p>La missi\u00f3 del <strong data-start=\"1401\" data-end=\"1428\">GAL Castell\u00f3n Sur <\/strong>\u00e9s fomentar el desenvolupament sostenible, millorar la qualitat de vida rural i dinamitzar el territori a trav\u00e9s de la gesti\u00f3 <strong data-start=\"1552\" data-end=\"1569\">d&#8217;Ajudes LEADER.<\/strong> Per a aix\u00f2, el grup promou plans i programes d&#8217;actuaci\u00f3 orientats a la <strong data-start=\"1648\" data-end=\"1662\">innovaci\u00f3<\/strong>, la <strong data-start=\"1667\" data-end=\"1691\">generaci\u00f3 d&#8217;ocupaci\u00f3<\/strong> i l&#8217;\u00fas eficient dels recursos naturals i socials.<\/p>\n<\/div><\/div><\/div><div class=\"fusion-layout-column fusion_builder_column fusion-builder-column-4 fusion_builder_column_1_2 1_2 fusion-flex-column\" style=\"--awb-padding-top:24px;--awb-padding-right:40px;--awb-padding-bottom:18px;--awb-padding-left:40px;--awb-overflow:hidden;--awb-bg-color:var(--awb-color1);--awb-bg-color-hover:var(--awb-color1);--awb-bg-size:cover;--awb-box-shadow:0px 2px 4px -1px hsla(var(--awb-color1-h),var(--awb-color1-s),calc( var(--awb-color1-l) - 100% ),calc( var(--awb-color1-a) - 95% ));;--awb-border-color:hsla(var(--awb-color1-h),var(--awb-color1-s),calc( var(--awb-color1-l) - 100% ),calc( var(--awb-color1-a) - 95% ));--awb-border-right:1px;--awb-border-bottom:1px;--awb-border-left:1px;--awb-border-style:solid;--awb-border-radius:8px 8px 8px 8px;--awb-width-large:50%;--awb-margin-top-large:20px;--awb-spacing-right-large:16px;--awb-margin-bottom-large:20px;--awb-spacing-left-large:16px;--awb-width-medium:50%;--awb-order-medium:0;--awb-spacing-right-medium:10px;--awb-spacing-left-medium:10px;--awb-width-small:100%;--awb-order-small:0;--awb-spacing-right-small:1.92%;--awb-margin-bottom-small:10px;--awb-spacing-left-small:1.92%;\"><div class=\"fusion-column-wrapper fusion-column-has-shadow fusion-flex-justify-content-flex-start fusion-content-layout-column\"><i class=\"fb-icon-element-2 fb-icon-element fontawesome-icon fa-eye fas circle-no fusion-text-flow icon-hover-animation-slide\" style=\"--awb-iconcolor:#f28e3c;--awb-iconcolor-hover:#f28e3c;--awb-font-size:32px;--awb-margin-right:16px;\"><\/i><div class=\"fusion-title title fusion-title-3 fusion-sep-none fusion-title-text fusion-title-size-two\" style=\"--awb-font-size:24px;\"><h2 class=\"fusion-title-heading title-heading-left fusion-responsive-typography-calculated\" style=\"margin:0;font-size:1em;--fontSize:24;--minFontSize:24;line-height:1.42;\"><h3>La nostra visi\u00f3: Un medi rural amb futur<\/h3><\/h2><\/div><div class=\"fusion-text fusion-text-5\"><div id=\"fws_68131f46bf8df\" class=\"wpb_row vc_row-fluid vc_row standard_section \" data-midnight=\"\" data-column-margin=\"default\" data-bg-mobile-hidden=\"\">\n<p>Des del GAL CASUR creiem en un entorn rural viu, actiu i ple d&#8217;oportunitats. La nostra visi\u00f3 \u00e9s que cada persona que viva als nostres pobles senta il\u00b7lusi\u00f3 per fer-ho, i que qui emprenga en el medi rural el fa\u00e7a amb suport, recursos i visi\u00f3 de futur. Apostem per <strong data-start=\"2078\" data-end=\"2097\">retindre talent<\/strong>, generar noves iniciatives i construir comunitats cohesionades que impulsen <strong data-start=\"2179\" data-end=\"2197\">l&#8217;economia local<\/strong>.<\/p>\n<\/div>\n<\/div><\/div><\/div><\/div><\/div><\/p>\n","protected":false},"excerpt":{"rendered":"","protected":false},"author":1,"featured_media":0,"parent":0,"menu_order":0,"comment_status":"closed","ping_status":"closed","template":"100-width.php","meta":{"footnotes":""},"class_list":["post-4011","page","type-page","status-publish","hentry"],"yoast_head":"<!-- This site is optimized with the Yoast SEO plugin v25.5 - https:\/\/yoast.com\/wordpress\/plugins\/seo\/ -->\n<title>GAL CASUR - Gal Castell\u00f3n Sur<\/title>\n<meta name=\"robots\" content=\"index, follow, max-snippet:-1, max-image-preview:large, max-video-preview:-1\" \/>\n<link rel=\"canonical\" href=\"https:\/\/galcastellonsur.com\/ca\/gal-casur\/\" \/>\n<meta property=\"og:locale\" content=\"ca_ES\" \/>\n<meta property=\"og:type\" content=\"article\" \/>\n<meta property=\"og:title\" content=\"GAL CASUR - Gal Castell\u00f3n Sur\" \/>\n<meta property=\"og:url\" content=\"https:\/\/galcastellonsur.com\/ca\/gal-casur\/\" \/>\n<meta property=\"og:site_name\" content=\"Gal Castell\u00f3n Sur\" \/>\n<meta property=\"article:publisher\" content=\"https:\/\/www.facebook.com\/GALCastellonSur1420\" \/>\n<meta property=\"article:modified_time\" content=\"2025-07-03T09:36:33+00:00\" \/>\n<meta name=\"twitter:card\" content=\"summary_large_image\" \/>\n<meta name=\"twitter:label1\" content=\"Temps estimat de lectura\" \/>\n\t<meta name=\"twitter:data1\" content=\"11 minuts\" \/>\n<script type=\"application\/ld+json\" class=\"yoast-schema-graph\">{\"@context\":\"https:\/\/schema.org\",\"@graph\":[{\"@type\":\"WebPage\",\"@id\":\"https:\/\/galcastellonsur.com\/ca\/gal-casur\/\",\"url\":\"https:\/\/galcastellonsur.com\/ca\/gal-casur\/\",\"name\":\"GAL CASUR - Gal Castell\u00f3n Sur\",\"isPartOf\":{\"@id\":\"https:\/\/galcastellonsur.com\/#website\"},\"datePublished\":\"2025-05-14T08:19:38+00:00\",\"dateModified\":\"2025-07-03T09:36:33+00:00\",\"breadcrumb\":{\"@id\":\"https:\/\/galcastellonsur.com\/ca\/gal-casur\/#breadcrumb\"},\"inLanguage\":\"ca\",\"potentialAction\":[{\"@type\":\"ReadAction\",\"target\":[\"https:\/\/galcastellonsur.com\/ca\/gal-casur\/\"]}]},{\"@type\":\"BreadcrumbList\",\"@id\":\"https:\/\/galcastellonsur.com\/ca\/gal-casur\/#breadcrumb\",\"itemListElement\":[{\"@type\":\"ListItem\",\"position\":1,\"name\":\"Portada\",\"item\":\"https:\/\/galcastellonsur.com\/ca\/inici\/\"},{\"@type\":\"ListItem\",\"position\":2,\"name\":\"GAL CASUR\"}]},{\"@type\":\"WebSite\",\"@id\":\"https:\/\/galcastellonsur.com\/#website\",\"url\":\"https:\/\/galcastellonsur.com\/\",\"name\":\"Gal Castell\u00f3n Sur\",\"description\":\"Entidad sin \u00e1nimo de lucro, creada para promover el desarrollo territorial\",\"publisher\":{\"@id\":\"https:\/\/galcastellonsur.com\/#organization\"},\"potentialAction\":[{\"@type\":\"SearchAction\",\"target\":{\"@type\":\"EntryPoint\",\"urlTemplate\":\"https:\/\/galcastellonsur.com\/?s={search_term_string}\"},\"query-input\":{\"@type\":\"PropertyValueSpecification\",\"valueRequired\":true,\"valueName\":\"search_term_string\"}}],\"inLanguage\":\"ca\"},{\"@type\":\"Organization\",\"@id\":\"https:\/\/galcastellonsur.com\/#organization\",\"name\":\"Gal Castell\u00f3n Sur\",\"url\":\"https:\/\/galcastellonsur.com\/\",\"logo\":{\"@type\":\"ImageObject\",\"inLanguage\":\"ca\",\"@id\":\"https:\/\/galcastellonsur.com\/#\/schema\/logo\/image\/\",\"url\":\"https:\/\/galcastellonsur.com\/wp-content\/uploads\/2021\/01\/casur.jpg\",\"contentUrl\":\"https:\/\/galcastellonsur.com\/wp-content\/uploads\/2021\/01\/casur.jpg\",\"width\":940,\"height\":788,\"caption\":\"Gal Castell\u00f3n Sur\"},\"image\":{\"@id\":\"https:\/\/galcastellonsur.com\/#\/schema\/logo\/image\/\"},\"sameAs\":[\"https:\/\/www.facebook.com\/GALCastellonSur1420\",\"https:\/\/www.instagram.com\/galcastellonsur\/\"]}]}<\/script>\n<!-- \/ Yoast SEO plugin. -->","yoast_head_json":{"title":"GAL CASUR - Gal Castell\u00f3n Sur","robots":{"index":"index","follow":"follow","max-snippet":"max-snippet:-1","max-image-preview":"max-image-preview:large","max-video-preview":"max-video-preview:-1"},"canonical":"https:\/\/galcastellonsur.com\/ca\/gal-casur\/","og_locale":"ca_ES","og_type":"article","og_title":"GAL CASUR - Gal Castell\u00f3n Sur","og_url":"https:\/\/galcastellonsur.com\/ca\/gal-casur\/","og_site_name":"Gal Castell\u00f3n Sur","article_publisher":"https:\/\/www.facebook.com\/GALCastellonSur1420","article_modified_time":"2025-07-03T09:36:33+00:00","twitter_card":"summary_large_image","twitter_misc":{"Temps estimat de lectura":"11 minuts"},"schema":{"@context":"https:\/\/schema.org","@graph":[{"@type":"WebPage","@id":"https:\/\/galcastellonsur.com\/ca\/gal-casur\/","url":"https:\/\/galcastellonsur.com\/ca\/gal-casur\/","name":"GAL CASUR - Gal Castell\u00f3n Sur","isPartOf":{"@id":"https:\/\/galcastellonsur.com\/#website"},"datePublished":"2025-05-14T08:19:38+00:00","dateModified":"2025-07-03T09:36:33+00:00","breadcrumb":{"@id":"https:\/\/galcastellonsur.com\/ca\/gal-casur\/#breadcrumb"},"inLanguage":"ca","potentialAction":[{"@type":"ReadAction","target":["https:\/\/galcastellonsur.com\/ca\/gal-casur\/"]}]},{"@type":"BreadcrumbList","@id":"https:\/\/galcastellonsur.com\/ca\/gal-casur\/#breadcrumb","itemListElement":[{"@type":"ListItem","position":1,"name":"Portada","item":"https:\/\/galcastellonsur.com\/ca\/inici\/"},{"@type":"ListItem","position":2,"name":"GAL CASUR"}]},{"@type":"WebSite","@id":"https:\/\/galcastellonsur.com\/#website","url":"https:\/\/galcastellonsur.com\/","name":"Gal Castell\u00f3n Sur","description":"Entidad sin \u00e1nimo de lucro, creada para promover el desarrollo territorial","publisher":{"@id":"https:\/\/galcastellonsur.com\/#organization"},"potentialAction":[{"@type":"SearchAction","target":{"@type":"EntryPoint","urlTemplate":"https:\/\/galcastellonsur.com\/?s={search_term_string}"},"query-input":{"@type":"PropertyValueSpecification","valueRequired":true,"valueName":"search_term_string"}}],"inLanguage":"ca"},{"@type":"Organization","@id":"https:\/\/galcastellonsur.com\/#organization","name":"Gal Castell\u00f3n Sur","url":"https:\/\/galcastellonsur.com\/","logo":{"@type":"ImageObject","inLanguage":"ca","@id":"https:\/\/galcastellonsur.com\/#\/schema\/logo\/image\/","url":"https:\/\/galcastellonsur.com\/wp-content\/uploads\/2021\/01\/casur.jpg","contentUrl":"https:\/\/galcastellonsur.com\/wp-content\/uploads\/2021\/01\/casur.jpg","width":940,"height":788,"caption":"Gal Castell\u00f3n Sur"},"image":{"@id":"https:\/\/galcastellonsur.com\/#\/schema\/logo\/image\/"},"sameAs":["https:\/\/www.facebook.com\/GALCastellonSur1420","https:\/\/www.instagram.com\/galcastellonsur\/"]}]}},"_links":{"self":[{"href":"https:\/\/galcastellonsur.com\/ca\/wp-json\/wp\/v2\/pages\/4011","targetHints":{"allow":["GET"]}}],"collection":[{"href":"https:\/\/galcastellonsur.com\/ca\/wp-json\/wp\/v2\/pages"}],"about":[{"href":"https:\/\/galcastellonsur.com\/ca\/wp-json\/wp\/v2\/types\/page"}],"author":[{"embeddable":true,"href":"https:\/\/galcastellonsur.com\/ca\/wp-json\/wp\/v2\/users\/1"}],"replies":[{"embeddable":true,"href":"https:\/\/galcastellonsur.com\/ca\/wp-json\/wp\/v2\/comments?post=4011"}],"version-history":[{"count":2,"href":"https:\/\/galcastellonsur.com\/ca\/wp-json\/wp\/v2\/pages\/4011\/revisions"}],"predecessor-version":[{"id":4013,"href":"https:\/\/galcastellonsur.com\/ca\/wp-json\/wp\/v2\/pages\/4011\/revisions\/4013"}],"wp:attachment":[{"href":"https:\/\/galcastellonsur.com\/ca\/wp-json\/wp\/v2\/media?parent=4011"}],"curies":[{"name":"wp","href":"https:\/\/api.w.org\/{rel}","templated":true}]}}