{"id":4017,"date":"2020-08-20T17:49:59","date_gmt":"2020-08-20T17:49:59","guid":{"rendered":"https:\/\/stoic-almeida.82-223-107-92.plesk.page\/desenvolupament-local-en-el-medi-rural-el-valor-del-programa-leader\/"},"modified":"2025-07-03T13:54:59","modified_gmt":"2025-07-03T13:54:59","slug":"desenvolupament-local-en-el-medi-rural-el-valor-del-programa-leader","status":"publish","type":"page","link":"https:\/\/galcastellonsur.com\/ca\/desenvolupament-local-en-el-medi-rural-el-valor-del-programa-leader\/","title":{"rendered":"Leader"},"content":{"rendered":"<p><div class=\"fusion-fullwidth fullwidth-box fusion-builder-row-1 fusion-flex-container nonhundred-percent-fullwidth non-hundred-percent-height-scrolling\" style=\"--awb-border-radius-top-left:0px;--awb-border-radius-top-right:0px;--awb-border-radius-bottom-right:0px;--awb-border-radius-bottom-left:0px;--awb-padding-top:0px;--awb-padding-bottom:31px;--awb-padding-bottom-medium:60px;--awb-padding-bottom-small:40px;--awb-background-image:linear-gradient(270deg, var(--awb-color2) 90%,var(--awb-color1) 90%);--awb-flex-wrap:wrap;\" ><div class=\"fusion-builder-row fusion-row fusion-flex-align-items-center fusion-flex-justify-content-center fusion-flex-content-wrap\" style=\"max-width:1310.4px;margin-left: calc(-4% \/ 2 );margin-right: calc(-4% \/ 2 );\"><div class=\"fusion-layout-column fusion_builder_column fusion-builder-column-0 fusion-flex-column fusion-flex-align-self-center\" style=\"--awb-bg-size:cover;--awb-width-large:40%;--awb-margin-top-large:28.9844px;--awb-spacing-right-large:5.76%;--awb-margin-bottom-large:0px;--awb-spacing-left-large:0%;--awb-width-medium:50%;--awb-order-medium:0;--awb-spacing-right-medium:4.608%;--awb-spacing-left-medium:0%;--awb-width-small:100%;--awb-order-small:0;--awb-spacing-right-small:1.92%;--awb-margin-bottom-small:30px;--awb-spacing-left-small:1.92%;\"><div class=\"fusion-column-wrapper fusion-column-has-shadow fusion-flex-justify-content-center fusion-content-layout-column\"><div class=\"fusion-image-element \" style=\"--awb-aspect-ratio: 100 \/ 93;--awb-caption-title-font-family:var(--h2_typography-font-family);--awb-caption-title-font-weight:var(--h2_typography-font-weight);--awb-caption-title-font-style:var(--h2_typography-font-style);--awb-caption-title-size:var(--h2_typography-font-size);--awb-caption-title-transform:var(--h2_typography-text-transform);--awb-caption-title-line-height:var(--h2_typography-line-height);--awb-caption-title-letter-spacing:var(--h2_typography-letter-spacing);\"><span class=\" fusion-imageframe imageframe-none imageframe-1 hover-type-none has-aspect-ratio\" style=\"border-radius:12px;\"><img decoding=\"async\" width=\"567\" height=\"702\" title=\"gal casur 3\" src=\"https:\/\/galcastellonsur.com\/wp-content\/uploads\/2025\/06\/gal-casur-3.png\" data-orig-src=\"https:\/\/galcastellonsur.com\/wp-content\/uploads\/2025\/06\/gal-casur-3.png\" class=\"lazyload img-responsive wp-image-3865 img-with-aspect-ratio\" data-parent-fit=\"cover\" data-parent-container=\".fusion-image-element\" alt srcset=\"data:image\/svg+xml,%3Csvg%20xmlns%3D%27http%3A%2F%2Fwww.w3.org%2F2000%2Fsvg%27%20width%3D%27567%27%20height%3D%27702%27%20viewBox%3D%270%200%20567%20702%27%3E%3Crect%20width%3D%27567%27%20height%3D%27702%27%20fill-opacity%3D%220%22%2F%3E%3C%2Fsvg%3E\" data-srcset=\"https:\/\/galcastellonsur.com\/wp-content\/uploads\/2025\/06\/gal-casur-3-200x248.png 200w, https:\/\/galcastellonsur.com\/wp-content\/uploads\/2025\/06\/gal-casur-3-400x495.png 400w, https:\/\/galcastellonsur.com\/wp-content\/uploads\/2025\/06\/gal-casur-3.png 567w\" data-sizes=\"auto\" data-orig-sizes=\"(max-width: 640px) 100vw, 567px\" \/><\/span><\/div><\/div><\/div><div class=\"fusion-layout-column fusion_builder_column fusion-builder-column-1 fusion_builder_column_1_2 1_2 fusion-flex-column\" style=\"--awb-padding-right-small:18px;--awb-padding-left-small:16px;--awb-bg-size:cover;--awb-width-large:50%;--awb-margin-top-large:20px;--awb-spacing-right-large:3.84%;--awb-margin-bottom-large:20px;--awb-spacing-left-large:7.68%;--awb-width-medium:50%;--awb-spacing-right-medium:30px;--awb-spacing-left-medium:30px;--awb-width-small:100%;--awb-spacing-right-small:0px;--awb-margin-bottom-small:10px;--awb-spacing-left-small:0px;\"><div class=\"fusion-column-wrapper fusion-column-has-shadow fusion-flex-justify-content-flex-start fusion-content-layout-column\"><div class=\"fusion-title title fusion-title-1 fusion-sep-none fusion-title-text fusion-title-size-one\" style=\"--awb-font-size:44px;\"><h1 class=\"fusion-title-heading title-heading-left fusion-responsive-typography-calculated\" style=\"margin:0;font-size:1em;--fontSize:44;line-height:var(--awb-typography1-line-height);\"><\/h1><\/div><div class=\"fusion-text fusion-text-1\"><p data-start=\"608\" data-end=\"972\">El desenvolupament local en el medi rural parteix d&#8217;una premissa clara: els qui millor coneixen les necessitats, oportunitats i potencialitats d&#8217;un territori s\u00f3n les persones que viuen i treballen en ell. Des d&#8217;aquesta visi\u00f3, el programa LEADER impulsa una estrat\u00e8gia participativa que posa en el centre a la poblaci\u00f3 rural, fomentant projectes que generen ocupaci\u00f3, promouen la innovaci\u00f3 i reforcen la identitat local, sempre des d&#8217;una perspectiva de sostenibilitat i cohesi\u00f3 territorial.<\/p>\n<p>Gr\u00e0cies al programa LEADER, el GAL Castell\u00f3n Sur acompanya iniciatives que transformen el territori, mobilitzant recursos, talent i aliances. Aquesta metodologia, basada en la cooperaci\u00f3, la governan\u00e7a local i la corresponsabilitat, permet afrontar els reptes del medi rural amb solucions adaptades, inclusives i orientades al futur.<\/p>\n<\/div><\/div><\/div><\/div><\/div><div class=\"fusion-fullwidth fullwidth-box fusion-builder-row-2 fusion-flex-container nonhundred-percent-fullwidth non-hundred-percent-height-scrolling\" style=\"--awb-border-radius-top-left:0px;--awb-border-radius-top-right:0px;--awb-border-radius-bottom-right:0px;--awb-border-radius-bottom-left:0px;--awb-padding-top:11px;--awb-padding-bottom:8px;--awb-padding-bottom-medium:80px;--awb-padding-top-small:16px;--awb-padding-bottom-small:16px;--awb-background-color:var(--awb-color3);--awb-flex-wrap:wrap;\" ><div class=\"fusion-builder-row fusion-row fusion-flex-align-items-stretch fusion-flex-content-wrap\" style=\"max-width:1310.4px;margin-left: calc(-4% \/ 2 );margin-right: calc(-4% \/ 2 );\"><div class=\"fusion-layout-column fusion_builder_column fusion-builder-column-2 fusion_builder_column_1_1 1_1 fusion-flex-column\" style=\"--awb-bg-size:cover;--awb-width-large:100%;--awb-margin-top-large:20px;--awb-spacing-right-large:5.856%;--awb-margin-bottom-large:20px;--awb-spacing-left-large:5.76%;--awb-width-medium:100%;--awb-order-medium:0;--awb-spacing-right-medium:3.84%;--awb-spacing-left-medium:3.84%;--awb-width-small:100%;--awb-order-small:0;--awb-margin-top-small:12px;--awb-spacing-right-small:1.92%;--awb-margin-bottom-small:40px;--awb-spacing-left-small:1.92%;\"><div class=\"fusion-column-wrapper fusion-column-has-shadow fusion-flex-justify-content-center fusion-content-layout-column\"><div class=\"fusion-text fusion-text-2\"><h2 class=\"fusion-responsive-typography-calculated\">Qu\u00e8 \u00e9s l&#8217;enfocament LEADER?<\/h2>\n<p>LEADER \u201cLiaison Entre Actions de D\u00e9veloppement de l\u2019\u00c9conomie Rurale\u201d que significa \u201cVincles Entre Accions de Desenvolupament de l&#8217;Economia Rural\u201d \u00e9s un model d&#8217;intervenci\u00f3 que consisteix a cedir la iniciativa de planificaci\u00f3 a les comunitats locals de cada territori que, organitzades en Grups d&#8217;Acci\u00f3 Local (associacions p\u00fablic-privades), elaboren i executen una Estrat\u00e8gia de Desenvolupament per a aquest territori aprofitant els seus recursos. Aquest enfocament ascendent implica un repte de dinamitzaci\u00f3 social que ha de traduir-se en un augment de la governan\u00e7a local.<\/p>\n<\/div><\/div><\/div><\/div><\/div><div class=\"fusion-fullwidth fullwidth-box fusion-builder-row-3 fusion-flex-container nonhundred-percent-fullwidth non-hundred-percent-height-scrolling\" style=\"--awb-border-radius-top-left:0px;--awb-border-radius-top-right:0px;--awb-border-radius-bottom-right:0px;--awb-border-radius-bottom-left:0px;--awb-padding-top:54px;--awb-padding-bottom:52px;--awb-padding-top-medium:60px;--awb-padding-bottom-medium:30px;--awb-padding-top-small:48px;--awb-padding-bottom-small:0px;--awb-flex-wrap:wrap;\" ><div class=\"fusion-builder-row fusion-row fusion-flex-align-items-flex-start fusion-flex-content-wrap\" style=\"max-width:1310.4px;margin-left: calc(-4% \/ 2 );margin-right: calc(-4% \/ 2 );\"><div class=\"fusion-layout-column fusion_builder_column fusion-builder-column-3 fusion_builder_column_1_1 1_1 fusion-flex-column\" style=\"--awb-bg-size:cover;--awb-width-large:100%;--awb-margin-top-large:20px;--awb-spacing-right-large:1.92%;--awb-margin-bottom-large:20px;--awb-spacing-left-large:1.92%;--awb-width-medium:75%;--awb-spacing-right-medium:2.56%;--awb-margin-bottom-medium:30px;--awb-spacing-left-medium:2.56%;--awb-width-small:100%;--awb-spacing-right-small:1.92%;--awb-margin-bottom-small:10px;--awb-spacing-left-small:1.92%;\"><div class=\"fusion-column-wrapper fusion-column-has-shadow fusion-flex-justify-content-flex-start fusion-content-layout-column\"><div class=\"fusion-title title fusion-title-2 fusion-sep-none fusion-title-text fusion-title-size-two\"><h2 class=\"fusion-title-heading title-heading-left fusion-responsive-typography-calculated\" style=\"margin:0;--fontSize:24;--minFontSize:24;line-height:1.2;\"><h3 style=\"text-align: center;\">Els 7 principis de l&#8217;enfocament LEADER per a impulsar el desenvolupament local<\/h3><\/h2><\/div><\/div><\/div><div class=\"fusion-layout-column fusion_builder_column fusion-builder-column-4 fusion_builder_column_1_1 1_1 fusion-flex-column\" style=\"--awb-bg-size:cover;--awb-width-large:100%;--awb-margin-top-large:20px;--awb-spacing-right-large:1.92%;--awb-margin-bottom-large:0px;--awb-spacing-left-large:1.92%;--awb-width-medium:50%;--awb-order-medium:0;--awb-spacing-right-medium:3.84%;--awb-spacing-left-medium:3.84%;--awb-width-small:100%;--awb-order-small:0;--awb-spacing-right-small:1.92%;--awb-margin-bottom-small:0px;--awb-spacing-left-small:1.92%;\"><div class=\"fusion-column-wrapper fusion-column-has-shadow fusion-flex-justify-content-flex-start fusion-content-layout-column\"><div class=\"fusion-content-boxes content-boxes columns row fusion-columns-4 fusion-columns-total-4 fusion-content-boxes-1 content-boxes-icon-on-top content-left fusion-delayed-animation\" style=\"--awb-margin-top:0px;--awb-margin-bottom:0px;--awb-hover-accent-color:var(--awb-color7);--awb-circle-hover-accent-color:transparent;\" data-animation-delay=\"500\" data-animationOffset=\"top-into-view\"><div style=\"--awb-backgroundcolor:rgba(255,255,255,0);\" class=\"fusion-column content-box-column content-box-column content-box-column-1 col-lg-3 col-md-3 col-sm-3 fusion-content-box-hover content-box-column-first-in-row\"><div class=\"col content-box-wrapper content-wrapper link-area-link-icon content-icon-wrapper-yes icon-hover-animation-fade\" data-animationOffset=\"top-into-view\"><div class=\"heading heading-with-icon icon-left\"><div class=\"icon\" style=\"-webkit-animation-duration: 500ms;animation-duration: 500ms;\"><span ><i style=\"background-color:transparent;border-color:transparent;height:auto;width: 46px;line-height:normal;font-size:46px;\" aria-hidden=\"true\" class=\"fontawesome-icon icon-accountant-chart-1 circle-no\"><\/i><\/span><\/div><h3 class=\"content-box-heading fusion-responsive-typography-calculated\" style=\"--h3_typography-font-size:20px;--fontSize:20;line-height:1.3;\">Enfocament ascendent<\/h3><\/div><\/div><\/div><div style=\"--awb-backgroundcolor:rgba(255,255,255,0);\" class=\"fusion-column content-box-column content-box-column content-box-column-2 col-lg-3 col-md-3 col-sm-3 fusion-content-box-hover \"><div class=\"col content-box-wrapper content-wrapper link-area-link-icon content-icon-wrapper-yes icon-hover-animation-fade\" data-animationOffset=\"top-into-view\"><div class=\"heading heading-with-icon icon-left\"><div class=\"icon\" style=\"-webkit-animation-duration: 500ms;animation-duration: 500ms;\"><span ><i style=\"background-color:transparent;border-color:transparent;height:auto;width: 46px;line-height:normal;font-size:46px;\" aria-hidden=\"true\" class=\"fontawesome-icon icon-accountant-money circle-no\"><\/i><\/span><\/div><h3 class=\"content-box-heading fusion-responsive-typography-calculated\" style=\"--h3_typography-font-size:20px;--fontSize:20;line-height:1.3;\">Estrat\u00e8gia territorial de desenvolupament<\/h3><\/div><\/div><\/div><div style=\"--awb-backgroundcolor:rgba(255,255,255,0);\" class=\"fusion-column content-box-column content-box-column content-box-column-3 col-lg-3 col-md-3 col-sm-3 fusion-content-box-hover \"><div class=\"col content-box-wrapper content-wrapper link-area-link-icon content-icon-wrapper-yes icon-hover-animation-fade\" data-animationOffset=\"top-into-view\"><div class=\"heading heading-with-icon icon-left\"><div class=\"icon\" style=\"-webkit-animation-duration: 500ms;animation-duration: 500ms;\"><span ><i style=\"background-color:transparent;border-color:transparent;height:auto;width: 46px;line-height:normal;font-size:46px;\" aria-hidden=\"true\" class=\"fontawesome-icon icon-accountant-docs circle-no\"><\/i><\/span><\/div><h3 class=\"content-box-heading fusion-responsive-typography-calculated\" style=\"--h3_typography-font-size:20px;--fontSize:20;line-height:1.3;\">Principi de col\u00b7laboraci\u00f3 p\u00fablic-privada<\/h3><\/div><\/div><\/div><div style=\"--awb-backgroundcolor:rgba(255,255,255,0);\" class=\"fusion-column content-box-column content-box-column content-box-column-4 col-lg-3 col-md-3 col-sm-3 fusion-content-box-hover content-box-column-last content-box-column-last-in-row\"><div class=\"col content-box-wrapper content-wrapper link-area-link-icon content-icon-wrapper-yes icon-hover-animation-fade\" data-animationOffset=\"top-into-view\"><div class=\"heading heading-with-icon icon-left\"><div class=\"icon\" style=\"-webkit-animation-duration: 500ms;animation-duration: 500ms;\"><span ><i style=\"background-color:transparent;border-color:transparent;height:auto;width: 46px;line-height:normal;font-size:46px;\" aria-hidden=\"true\" class=\"fontawesome-icon icon-accountant-docs circle-no\"><\/i><\/span><\/div><h3 class=\"content-box-heading fusion-responsive-typography-calculated\" style=\"--h3_typography-font-size:20px;--fontSize:20;line-height:1.3;\">Actuacions integrades i multisectorials<\/h3><\/div><\/div><\/div><div class=\"fusion-clearfix\"><\/div><\/div><\/div><\/div><div class=\"fusion-layout-column fusion_builder_column fusion-builder-column-5 fusion_builder_column_1_1 1_1 fusion-flex-column\" style=\"--awb-bg-size:cover;--awb-width-large:100%;--awb-margin-top-large:0px;--awb-spacing-right-large:1.92%;--awb-margin-bottom-large:20px;--awb-spacing-left-large:1.92%;--awb-width-medium:50%;--awb-order-medium:0;--awb-spacing-right-medium:3.84%;--awb-spacing-left-medium:3.84%;--awb-width-small:100%;--awb-order-small:0;--awb-spacing-right-small:1.92%;--awb-margin-bottom-small:0px;--awb-spacing-left-small:1.92%;\"><div class=\"fusion-column-wrapper fusion-column-has-shadow fusion-flex-justify-content-flex-start fusion-content-layout-column\"><div class=\"fusion-content-boxes content-boxes columns row fusion-columns-3 fusion-columns-total-3 fusion-content-boxes-2 content-boxes-icon-on-top content-left has-flex-alignment fusion-delayed-animation\" style=\"--awb-alignment:flex-start;--awb-margin-top:0px;--awb-margin-bottom:0px;--awb-hover-accent-color:var(--awb-color7);--awb-circle-hover-accent-color:transparent;\" data-animation-delay=\"500\" data-animationOffset=\"top-into-view\"><div style=\"--awb-backgroundcolor:rgba(255,255,255,0);\" class=\"fusion-column content-box-column content-box-column content-box-column-1 col-lg-4 col-md-4 col-sm-4 fusion-content-box-hover content-box-column-first-in-row\"><div class=\"col content-box-wrapper content-wrapper link-area-link-icon content-icon-wrapper-yes icon-hover-animation-fade\" data-animationOffset=\"top-into-view\"><div class=\"heading heading-with-icon icon-left\"><div class=\"icon\" style=\"-webkit-animation-duration: 500ms;animation-duration: 500ms;\"><span ><i style=\"background-color:transparent;border-color:transparent;height:auto;width: 44px;line-height:normal;font-size:44px;\" aria-hidden=\"true\" class=\"fontawesome-icon icon-accountant-portfolio circle-no\"><\/i><\/span><\/div><h3 class=\"content-box-heading fusion-responsive-typography-calculated\" style=\"--h3_typography-font-size:20px;--fontSize:20;line-height:1.3;\">Innovaci\u00f3<\/h3><\/div><\/div><\/div><div style=\"--awb-backgroundcolor:rgba(255,255,255,0);\" class=\"fusion-column content-box-column content-box-column content-box-column-2 col-lg-4 col-md-4 col-sm-4 fusion-content-box-hover \"><div class=\"col content-box-wrapper content-wrapper link-area-link-icon content-icon-wrapper-yes icon-hover-animation-fade\" data-animationOffset=\"top-into-view\"><div class=\"heading heading-with-icon icon-left\"><div class=\"icon\" style=\"-webkit-animation-duration: 500ms;animation-duration: 500ms;\"><span ><i style=\"background-color:transparent;border-color:transparent;height:auto;width: 44px;line-height:normal;font-size:44px;\" aria-hidden=\"true\" class=\"fontawesome-icon icon-accountant-client circle-no\"><\/i><\/span><\/div><h3 class=\"content-box-heading fusion-responsive-typography-calculated\" style=\"--h3_typography-font-size:20px;--fontSize:20;line-height:1.3;\">Cooperaci\u00f3<\/h3><\/div><\/div><\/div><div style=\"--awb-backgroundcolor:rgba(255,255,255,0);\" class=\"fusion-column content-box-column content-box-column content-box-column-3 col-lg-4 col-md-4 col-sm-4 fusion-content-box-hover content-box-column-last content-box-column-last-in-row\"><div class=\"col content-box-wrapper content-wrapper link-area-link-icon content-icon-wrapper-yes icon-hover-animation-fade\" data-animationOffset=\"top-into-view\"><div class=\"heading heading-with-icon icon-left\"><div class=\"icon\" style=\"-webkit-animation-duration: 500ms;animation-duration: 500ms;\"><span ><i style=\"background-color:transparent;border-color:transparent;height:auto;width: 44px;line-height:normal;font-size:44px;\" aria-hidden=\"true\" class=\"fontawesome-icon icon-accountant-audit circle-no\"><\/i><\/span><\/div><h3 class=\"content-box-heading fusion-responsive-typography-calculated\" style=\"--h3_typography-font-size:20px;--fontSize:20;line-height:1.3;\">Connexi\u00f3 en xarxes<\/h3><\/div><\/div><\/div><div class=\"fusion-clearfix\"><\/div><\/div><\/div><\/div><\/div><\/div><\/p>\n","protected":false},"excerpt":{"rendered":"","protected":false},"author":1,"featured_media":0,"parent":0,"menu_order":0,"comment_status":"closed","ping_status":"closed","template":"100-width.php","meta":{"footnotes":""},"class_list":["post-4017","page","type-page","status-publish","hentry"],"yoast_head":"<!-- This site is optimized with the Yoast SEO plugin v25.5 - https:\/\/yoast.com\/wordpress\/plugins\/seo\/ -->\n<title>Leader - Gal Castell\u00f3n Sur<\/title>\n<meta name=\"robots\" content=\"index, follow, max-snippet:-1, max-image-preview:large, max-video-preview:-1\" \/>\n<link rel=\"canonical\" href=\"https:\/\/galcastellonsur.com\/ca\/desenvolupament-local-en-el-medi-rural-el-valor-del-programa-leader\/\" \/>\n<meta property=\"og:locale\" content=\"ca_ES\" \/>\n<meta property=\"og:type\" content=\"article\" \/>\n<meta property=\"og:title\" content=\"Leader - Gal Castell\u00f3n Sur\" \/>\n<meta property=\"og:url\" content=\"https:\/\/galcastellonsur.com\/ca\/desenvolupament-local-en-el-medi-rural-el-valor-del-programa-leader\/\" \/>\n<meta property=\"og:site_name\" content=\"Gal Castell\u00f3n Sur\" \/>\n<meta property=\"article:publisher\" content=\"https:\/\/www.facebook.com\/GALCastellonSur1420\" \/>\n<meta property=\"article:modified_time\" content=\"2025-07-03T13:54:59+00:00\" \/>\n<meta name=\"twitter:card\" content=\"summary_large_image\" \/>\n<meta name=\"twitter:label1\" content=\"Temps estimat de lectura\" \/>\n\t<meta name=\"twitter:data1\" content=\"11 minuts\" \/>\n<script type=\"application\/ld+json\" class=\"yoast-schema-graph\">{\"@context\":\"https:\/\/schema.org\",\"@graph\":[{\"@type\":\"WebPage\",\"@id\":\"https:\/\/galcastellonsur.com\/ca\/desenvolupament-local-en-el-medi-rural-el-valor-del-programa-leader\/\",\"url\":\"https:\/\/galcastellonsur.com\/ca\/desenvolupament-local-en-el-medi-rural-el-valor-del-programa-leader\/\",\"name\":\"Leader - Gal Castell\u00f3n Sur\",\"isPartOf\":{\"@id\":\"https:\/\/galcastellonsur.com\/#website\"},\"datePublished\":\"2020-08-20T17:49:59+00:00\",\"dateModified\":\"2025-07-03T13:54:59+00:00\",\"breadcrumb\":{\"@id\":\"https:\/\/galcastellonsur.com\/ca\/desenvolupament-local-en-el-medi-rural-el-valor-del-programa-leader\/#breadcrumb\"},\"inLanguage\":\"ca\",\"potentialAction\":[{\"@type\":\"ReadAction\",\"target\":[\"https:\/\/galcastellonsur.com\/ca\/desenvolupament-local-en-el-medi-rural-el-valor-del-programa-leader\/\"]}]},{\"@type\":\"BreadcrumbList\",\"@id\":\"https:\/\/galcastellonsur.com\/ca\/desenvolupament-local-en-el-medi-rural-el-valor-del-programa-leader\/#breadcrumb\",\"itemListElement\":[{\"@type\":\"ListItem\",\"position\":1,\"name\":\"Portada\",\"item\":\"https:\/\/galcastellonsur.com\/ca\/inici\/\"},{\"@type\":\"ListItem\",\"position\":2,\"name\":\"Leader\"}]},{\"@type\":\"WebSite\",\"@id\":\"https:\/\/galcastellonsur.com\/#website\",\"url\":\"https:\/\/galcastellonsur.com\/\",\"name\":\"Gal Castell\u00f3n Sur\",\"description\":\"Entidad sin \u00e1nimo de lucro, creada para promover el desarrollo territorial\",\"publisher\":{\"@id\":\"https:\/\/galcastellonsur.com\/#organization\"},\"potentialAction\":[{\"@type\":\"SearchAction\",\"target\":{\"@type\":\"EntryPoint\",\"urlTemplate\":\"https:\/\/galcastellonsur.com\/?s={search_term_string}\"},\"query-input\":{\"@type\":\"PropertyValueSpecification\",\"valueRequired\":true,\"valueName\":\"search_term_string\"}}],\"inLanguage\":\"ca\"},{\"@type\":\"Organization\",\"@id\":\"https:\/\/galcastellonsur.com\/#organization\",\"name\":\"Gal Castell\u00f3n Sur\",\"url\":\"https:\/\/galcastellonsur.com\/\",\"logo\":{\"@type\":\"ImageObject\",\"inLanguage\":\"ca\",\"@id\":\"https:\/\/galcastellonsur.com\/#\/schema\/logo\/image\/\",\"url\":\"https:\/\/galcastellonsur.com\/wp-content\/uploads\/2021\/01\/casur.jpg\",\"contentUrl\":\"https:\/\/galcastellonsur.com\/wp-content\/uploads\/2021\/01\/casur.jpg\",\"width\":940,\"height\":788,\"caption\":\"Gal Castell\u00f3n Sur\"},\"image\":{\"@id\":\"https:\/\/galcastellonsur.com\/#\/schema\/logo\/image\/\"},\"sameAs\":[\"https:\/\/www.facebook.com\/GALCastellonSur1420\",\"https:\/\/www.instagram.com\/galcastellonsur\/\"]}]}<\/script>\n<!-- \/ Yoast SEO plugin. -->","yoast_head_json":{"title":"Leader - Gal Castell\u00f3n Sur","robots":{"index":"index","follow":"follow","max-snippet":"max-snippet:-1","max-image-preview":"max-image-preview:large","max-video-preview":"max-video-preview:-1"},"canonical":"https:\/\/galcastellonsur.com\/ca\/desenvolupament-local-en-el-medi-rural-el-valor-del-programa-leader\/","og_locale":"ca_ES","og_type":"article","og_title":"Leader - Gal Castell\u00f3n Sur","og_url":"https:\/\/galcastellonsur.com\/ca\/desenvolupament-local-en-el-medi-rural-el-valor-del-programa-leader\/","og_site_name":"Gal Castell\u00f3n Sur","article_publisher":"https:\/\/www.facebook.com\/GALCastellonSur1420","article_modified_time":"2025-07-03T13:54:59+00:00","twitter_card":"summary_large_image","twitter_misc":{"Temps estimat de lectura":"11 minuts"},"schema":{"@context":"https:\/\/schema.org","@graph":[{"@type":"WebPage","@id":"https:\/\/galcastellonsur.com\/ca\/desenvolupament-local-en-el-medi-rural-el-valor-del-programa-leader\/","url":"https:\/\/galcastellonsur.com\/ca\/desenvolupament-local-en-el-medi-rural-el-valor-del-programa-leader\/","name":"Leader - Gal Castell\u00f3n Sur","isPartOf":{"@id":"https:\/\/galcastellonsur.com\/#website"},"datePublished":"2020-08-20T17:49:59+00:00","dateModified":"2025-07-03T13:54:59+00:00","breadcrumb":{"@id":"https:\/\/galcastellonsur.com\/ca\/desenvolupament-local-en-el-medi-rural-el-valor-del-programa-leader\/#breadcrumb"},"inLanguage":"ca","potentialAction":[{"@type":"ReadAction","target":["https:\/\/galcastellonsur.com\/ca\/desenvolupament-local-en-el-medi-rural-el-valor-del-programa-leader\/"]}]},{"@type":"BreadcrumbList","@id":"https:\/\/galcastellonsur.com\/ca\/desenvolupament-local-en-el-medi-rural-el-valor-del-programa-leader\/#breadcrumb","itemListElement":[{"@type":"ListItem","position":1,"name":"Portada","item":"https:\/\/galcastellonsur.com\/ca\/inici\/"},{"@type":"ListItem","position":2,"name":"Leader"}]},{"@type":"WebSite","@id":"https:\/\/galcastellonsur.com\/#website","url":"https:\/\/galcastellonsur.com\/","name":"Gal Castell\u00f3n Sur","description":"Entidad sin \u00e1nimo de lucro, creada para promover el desarrollo territorial","publisher":{"@id":"https:\/\/galcastellonsur.com\/#organization"},"potentialAction":[{"@type":"SearchAction","target":{"@type":"EntryPoint","urlTemplate":"https:\/\/galcastellonsur.com\/?s={search_term_string}"},"query-input":{"@type":"PropertyValueSpecification","valueRequired":true,"valueName":"search_term_string"}}],"inLanguage":"ca"},{"@type":"Organization","@id":"https:\/\/galcastellonsur.com\/#organization","name":"Gal Castell\u00f3n Sur","url":"https:\/\/galcastellonsur.com\/","logo":{"@type":"ImageObject","inLanguage":"ca","@id":"https:\/\/galcastellonsur.com\/#\/schema\/logo\/image\/","url":"https:\/\/galcastellonsur.com\/wp-content\/uploads\/2021\/01\/casur.jpg","contentUrl":"https:\/\/galcastellonsur.com\/wp-content\/uploads\/2021\/01\/casur.jpg","width":940,"height":788,"caption":"Gal Castell\u00f3n Sur"},"image":{"@id":"https:\/\/galcastellonsur.com\/#\/schema\/logo\/image\/"},"sameAs":["https:\/\/www.facebook.com\/GALCastellonSur1420","https:\/\/www.instagram.com\/galcastellonsur\/"]}]}},"_links":{"self":[{"href":"https:\/\/galcastellonsur.com\/ca\/wp-json\/wp\/v2\/pages\/4017","targetHints":{"allow":["GET"]}}],"collection":[{"href":"https:\/\/galcastellonsur.com\/ca\/wp-json\/wp\/v2\/pages"}],"about":[{"href":"https:\/\/galcastellonsur.com\/ca\/wp-json\/wp\/v2\/types\/page"}],"author":[{"embeddable":true,"href":"https:\/\/galcastellonsur.com\/ca\/wp-json\/wp\/v2\/users\/1"}],"replies":[{"embeddable":true,"href":"https:\/\/galcastellonsur.com\/ca\/wp-json\/wp\/v2\/comments?post=4017"}],"version-history":[{"count":3,"href":"https:\/\/galcastellonsur.com\/ca\/wp-json\/wp\/v2\/pages\/4017\/revisions"}],"predecessor-version":[{"id":4123,"href":"https:\/\/galcastellonsur.com\/ca\/wp-json\/wp\/v2\/pages\/4017\/revisions\/4123"}],"wp:attachment":[{"href":"https:\/\/galcastellonsur.com\/ca\/wp-json\/wp\/v2\/media?parent=4017"}],"curies":[{"name":"wp","href":"https:\/\/api.w.org\/{rel}","templated":true}]}}