{"id":4020,"date":"2025-05-14T08:56:27","date_gmt":"2025-05-14T08:56:27","guid":{"rendered":"https:\/\/stoic-almeida.82-223-107-92.plesk.page\/edlp-23-27\/"},"modified":"2025-07-08T10:35:50","modified_gmt":"2025-07-08T10:35:50","slug":"edlp-23-27","status":"publish","type":"page","link":"https:\/\/galcastellonsur.com\/ca\/edlp-23-27\/","title":{"rendered":"EDLP 23-27"},"content":{"rendered":"<p><div class=\"fusion-fullwidth fullwidth-box fusion-builder-row-1 fusion-flex-container nonhundred-percent-fullwidth non-hundred-percent-height-scrolling\" style=\"--awb-border-radius-top-left:0px;--awb-border-radius-top-right:0px;--awb-border-radius-bottom-right:0px;--awb-border-radius-bottom-left:0px;--awb-padding-top:0px;--awb-padding-bottom:0px;--awb-padding-bottom-medium:80px;--awb-padding-top-small:24px;--awb-padding-bottom-small:90px;--awb-flex-wrap:wrap;\" ><div class=\"fusion-builder-row fusion-row fusion-flex-align-items-center fusion-flex-content-wrap\" style=\"max-width:1310.4px;margin-left: calc(-4% \/ 2 );margin-right: calc(-4% \/ 2 );\"><div class=\"fusion-layout-column fusion_builder_column fusion-builder-column-0 fusion_builder_column_1_1 1_1 fusion-flex-column\" style=\"--awb-bg-size:cover;--awb-width-large:100%;--awb-margin-top-large:0px;--awb-spacing-right-large:2.016%;--awb-margin-bottom-large:20px;--awb-spacing-left-large:1.824%;--awb-width-medium:60%;--awb-order-medium:0;--awb-spacing-right-medium:3.36%;--awb-spacing-left-medium:3.04%;--awb-width-small:100%;--awb-order-small:0;--awb-spacing-right-small:1.92%;--awb-spacing-left-small:1.92%;\"><div class=\"fusion-column-wrapper fusion-column-has-shadow fusion-flex-justify-content-center fusion-content-layout-column\"><div class=\"fusion-title title fusion-title-1 fusion-sep-none fusion-title-text fusion-title-size-two\" style=\"--awb-margin-top:0px;\"><h2 class=\"fusion-title-heading title-heading-left fusion-responsive-typography-calculated\" style=\"margin:0;--fontSize:24;--minFontSize:24;line-height:1.2;\"><h2>Estrat\u00e8gia de desenvolupament local participatiu<\/h2><\/h2><\/div><div class=\"fusion-text fusion-text-1\"><div id=\"fws_6812e6c0090f8\" class=\"wpb_row vc_row-fluid vc_row standard_section \" data-midnight=\"dark\" data-bg-mobile-hidden=\"\">\n<p><span style=\"font-weight: 400;\">Elaborada amb la participaci\u00f3 dels principals agents del territori i seleccionada per RESOLUCI\u00d3 de 30 d&#8217;abril de 2024, per la qual se seleccionen les Estrat\u00e8gies de Desenrotllament Local Participatiu i es designen els Grups d&#8217;Acci\u00f3 Local LEADER 2023-2027 en el marc del Pla Estrat\u00e8gic Nacional de la Pol\u00edtica Agr\u00e0ria Comunit\u00e0ria (PEPAC) de la Comunitat Valenciana.<\/span><\/p>\n<p><strong><br \/>Objectius de l\u2019EDLP 23-27 del GAL Castell\u00f3n Sur<\/strong><\/p>\n<\/div>\n<div id=\"fws_6812e6c009361\" class=\"wpb_row vc_row-fluid vc_row standard_section \" data-midnight=\"dark\" data-bg-mobile-hidden=\"\" data-using-ctc=\"true\">\n<div class=\"row-bg-wrap instance-2\">\n<ol>\n<li class=\"inner-wrap\">Millora de les capacitats i competitivitat.<\/li>\n<li class=\"inner-wrap\">Potenciar el sector agrosilvopastoril, el seu desenvolupament i la gesti\u00f3 associada del territori.<\/li>\n<li class=\"inner-wrap\">Fomentar la millora de les condicions de vida de la poblaci\u00f3 local amb especial incid\u00e8ncia en q\u00fcestions com la lluita contra la despoblaci\u00f3 o la protecci\u00f3 de grups vulnerables.<\/li>\n<li class=\"inner-wrap\">Contribuir a la millora ambiental i combatre el canvi clim\u00e0tic.<\/li>\n<li class=\"inner-wrap\">Afavorir el desenvolupament del potencial local mitjan\u00e7ant la generaci\u00f3 de capital social i l&#8217;entorn necessari per a la consecuci\u00f3 dels objectius anteriors.<\/li>\n<\/ol>\n<\/div>\n<\/div>\n<\/div><\/div><\/div><\/div><\/div><div class=\"fusion-fullwidth fullwidth-box fusion-builder-row-2 fusion-flex-container nonhundred-percent-fullwidth non-hundred-percent-height-scrolling\" style=\"--awb-border-radius-top-left:0px;--awb-border-radius-top-right:0px;--awb-border-radius-bottom-right:0px;--awb-border-radius-bottom-left:0px;--awb-padding-top:33px;--awb-padding-bottom:34px;--awb-padding-top-medium:60px;--awb-padding-bottom-medium:30px;--awb-padding-top-small:48px;--awb-padding-bottom-small:0px;--awb-background-color:#f9f7f5;--awb-flex-wrap:wrap;\" ><div class=\"fusion-builder-row fusion-row fusion-flex-align-items-flex-start fusion-flex-content-wrap\" style=\"max-width:1310.4px;margin-left: calc(-4% \/ 2 );margin-right: calc(-4% \/ 2 );\"><div class=\"fusion-layout-column fusion_builder_column fusion-builder-column-1 fusion_builder_column_1_1 1_1 fusion-flex-column\" style=\"--awb-bg-size:cover;--awb-width-large:100%;--awb-margin-top-large:20px;--awb-spacing-right-large:1.92%;--awb-margin-bottom-large:20px;--awb-spacing-left-large:1.92%;--awb-width-medium:75%;--awb-spacing-right-medium:2.56%;--awb-margin-bottom-medium:30px;--awb-spacing-left-medium:2.56%;--awb-width-small:100%;--awb-spacing-right-small:1.92%;--awb-margin-bottom-small:10px;--awb-spacing-left-small:1.92%;\"><div class=\"fusion-column-wrapper fusion-column-has-shadow fusion-flex-justify-content-flex-start fusion-content-layout-column\"><div class=\"fusion-title title fusion-title-2 fusion-sep-none fusion-title-text fusion-title-size-three\"><h3 class=\"fusion-title-heading title-heading-left fusion-responsive-typography-calculated\" style=\"margin:0;--fontSize:17;--minFontSize:17;line-height:1.3;\"><h3 style=\"font-size: 22px; text-align: center;\">Principals objectius de l\u2019EDLP del GAL Castell\u00f3n Sur<\/h3><\/h3><\/div><\/div><\/div><div class=\"fusion-layout-column fusion_builder_column fusion-builder-column-2 fusion_builder_column_1_1 1_1 fusion-flex-column\" style=\"--awb-bg-size:cover;--awb-width-large:100%;--awb-margin-top-large:20px;--awb-spacing-right-large:1.92%;--awb-margin-bottom-large:20px;--awb-spacing-left-large:1.92%;--awb-width-medium:50%;--awb-order-medium:0;--awb-spacing-right-medium:3.84%;--awb-spacing-left-medium:3.84%;--awb-width-small:100%;--awb-order-small:0;--awb-spacing-right-small:1.92%;--awb-margin-bottom-small:0px;--awb-spacing-left-small:1.92%;\"><div class=\"fusion-column-wrapper fusion-column-has-shadow fusion-flex-justify-content-flex-start fusion-content-layout-column\"><div class=\"fusion-content-boxes content-boxes columns row fusion-columns-4 fusion-columns-total-4 fusion-content-boxes-1 content-boxes-icon-on-top content-left fusion-delayed-animation\" style=\"--awb-margin-top:0px;--awb-margin-bottom:0px;--awb-hover-accent-color:var(--awb-color7);--awb-circle-hover-accent-color:transparent;\" data-animation-delay=\"500\" data-animationOffset=\"top-into-view\"><div style=\"--awb-backgroundcolor:rgba(255,255,255,0);\" class=\"fusion-column content-box-column content-box-column content-box-column-1 col-lg-3 col-md-3 col-sm-3 fusion-content-box-hover content-box-column-first-in-row\"><div class=\"col content-box-wrapper content-wrapper link-area-link-icon content-icon-wrapper-yes icon-hover-animation-fade\" data-animationOffset=\"top-into-view\"><div class=\"heading heading-with-icon icon-left\"><div class=\"icon\" style=\"-webkit-animation-duration: 500ms;animation-duration: 500ms;\"><span ><i style=\"background-color:transparent;border-color:transparent;height:auto;width: 46px;line-height:normal;font-size:46px;\" aria-hidden=\"true\" class=\"fontawesome-icon icon-accountant-chart-1 circle-no\"><\/i><\/span><\/div><h3 class=\"content-box-heading fusion-responsive-typography-calculated\" style=\"--h3_typography-font-size:20px;--fontSize:20;line-height:1.3;\">Un territori innovador i adaptable a noves situacions.<\/h3><\/div><\/div><\/div><div style=\"--awb-backgroundcolor:rgba(255,255,255,0);\" class=\"fusion-column content-box-column content-box-column content-box-column-2 col-lg-3 col-md-3 col-sm-3 fusion-content-box-hover \"><div class=\"col content-box-wrapper content-wrapper link-area-link-icon content-icon-wrapper-yes icon-hover-animation-fade\" data-animationOffset=\"top-into-view\"><div class=\"heading heading-with-icon icon-left\"><div class=\"icon\" style=\"-webkit-animation-duration: 500ms;animation-duration: 500ms;\"><span ><i style=\"background-color:transparent;border-color:transparent;height:auto;width: 46px;line-height:normal;font-size:46px;\" aria-hidden=\"true\" class=\"fontawesome-icon icon-accountant-money circle-no\"><\/i><\/span><\/div><h3 class=\"content-box-heading fusion-responsive-typography-calculated\" style=\"--h3_typography-font-size:20px;--fontSize:20;line-height:1.3;\">Millora de la capacitat territorial de manteniment de poblaci\u00f3 i qualitat de vida.<\/h3><\/div><\/div><\/div><div style=\"--awb-backgroundcolor:rgba(255,255,255,0);\" class=\"fusion-column content-box-column content-box-column content-box-column-3 col-lg-3 col-md-3 col-sm-3 fusion-content-box-hover \"><div class=\"col content-box-wrapper content-wrapper link-area-link-icon content-icon-wrapper-yes icon-hover-animation-fade\" data-animationOffset=\"top-into-view\"><div class=\"heading heading-with-icon icon-left\"><div class=\"icon\" style=\"-webkit-animation-duration: 500ms;animation-duration: 500ms;\"><span ><i style=\"background-color:transparent;border-color:transparent;height:auto;width: 46px;line-height:normal;font-size:46px;\" aria-hidden=\"true\" class=\"fontawesome-icon icon-accountant-docs circle-no\"><\/i><\/span><\/div><h3 class=\"content-box-heading fusion-responsive-typography-calculated\" style=\"--h3_typography-font-size:20px;--fontSize:20;line-height:1.3;\">Territori sostenible com a base per a la recuperaci\u00f3 social i ambiental.<\/h3><\/div><\/div><\/div><div style=\"--awb-backgroundcolor:rgba(255,255,255,0);\" class=\"fusion-column content-box-column content-box-column content-box-column-4 col-lg-3 col-md-3 col-sm-3 fusion-content-box-hover content-box-column-last content-box-column-last-in-row\"><div class=\"col content-box-wrapper content-wrapper link-area-link-icon content-icon-wrapper-yes icon-hover-animation-fade\" data-animationOffset=\"top-into-view\"><div class=\"heading heading-with-icon icon-left\"><div class=\"icon\" style=\"-webkit-animation-duration: 500ms;animation-duration: 500ms;\"><span ><i style=\"background-color:transparent;border-color:transparent;height:auto;width: 46px;line-height:normal;font-size:46px;\" aria-hidden=\"true\" class=\"fontawesome-icon icon-accountant-docs circle-no\"><\/i><\/span><\/div><h3 class=\"content-box-heading fusion-responsive-typography-calculated\" style=\"--h3_typography-font-size:20px;--fontSize:20;line-height:1.3;\">Foment de la cooperaci\u00f3 i la participaci\u00f3.<\/h3><\/div><\/div><\/div><div class=\"fusion-clearfix\"><\/div><\/div><\/div><\/div><\/div><\/div><div class=\"fusion-fullwidth fullwidth-box fusion-builder-row-3 fusion-flex-container has-pattern-background has-mask-background nonhundred-percent-fullwidth non-hundred-percent-height-scrolling\" style=\"--awb-border-radius-top-left:0px;--awb-border-radius-top-right:0px;--awb-border-radius-bottom-right:0px;--awb-border-radius-bottom-left:0px;--awb-flex-wrap:wrap;\" ><div class=\"fusion-builder-row fusion-row fusion-flex-align-items-flex-start fusion-flex-content-wrap\" style=\"max-width:1310.4px;margin-left: calc(-4% \/ 2 );margin-right: calc(-4% \/ 2 );\"><div class=\"fusion-layout-column fusion_builder_column fusion-builder-column-3 fusion_builder_column_1_1 1_1 fusion-flex-column\" style=\"--awb-bg-size:cover;--awb-width-large:100%;--awb-margin-top-large:20px;--awb-spacing-right-large:1.92%;--awb-margin-bottom-large:20px;--awb-spacing-left-large:1.92%;--awb-width-medium:100%;--awb-order-medium:0;--awb-spacing-right-medium:1.92%;--awb-spacing-left-medium:1.92%;--awb-width-small:100%;--awb-order-small:0;--awb-spacing-right-small:1.92%;--awb-spacing-left-small:1.92%;\"><div class=\"fusion-column-wrapper fusion-column-has-shadow fusion-flex-justify-content-flex-start fusion-content-layout-column\"><style type=\"text\/css\">.fusion-faqs-wrapper #accordian-1 .fusion-panel { border-color:var(--awb-color3); }.fusion-faqs-wrapper #accordian-1 .fusion-panel:hover{ border-color: var(--awb-color3); }.fusion-accordian #accordian-1 .panel-title a .fa-fusion-box:before{ font-size: 16px;width: 16px;}.fusion-accordian #accordian-1 .panel-title a .fa-fusion-box{ color: var(--awb-color1);}.fusion-accordian  #accordian-1 .panel-title a{font-family:var(--awb-typography1-font-family);font-weight:var(--awb-typography1-font-weight);font-style:var(--awb-typography1-font-style);}.fusion-accordian  #accordian-1 .panel-title a:not(:hover){}.fusion-accordian  #accordian-1 .toggle-content{font-family:var(--awb-typography4-font-family);font-weight:var(--awb-typography4-font-weight);font-style:var(--awb-typography4-font-style);}.fusion-accordian #accordian-1 .fa-fusion-box { background-color: var(--awb-color7) !important;border-color: var(--awb-color7) !important;}.fusion-accordian #accordian-1 .panel-title a:hover,.fusion-accordian #accordian-1 .panel-title a.hover { color: var(--awb-color8);}.fusion-faq-shortcode .fusion-accordian #accordian-1 .fusion-toggle-boxed-mode:hover .panel-title a { color: var(--awb-color8);}.fusion-accordian #accordian-1 .panel-title .active .fa-fusion-box,.fusion-accordian #accordian-1 .panel-title a:hover .fa-fusion-box,.fusion-accordian #accordian-1 .panel-title a.hover .fa-fusion-box { background-color: var(--awb-color8)!important;border-color: var(--awb-color8)!important;}<\/style><div class=\"fusion-faq-shortcode\" style=\"\"><div class=\"fusion-faqs-wrapper\"><div class=\"accordian fusion-accordian\"><div class=\"panel-group \" id=\"accordian-1\"><div class=\"fusion-panel panel-default fusion-faq-post fusion-faq-post-4119 23-27-ca \"><span class=\"entry-title rich-snippet-hidden\">Ajudes Leader 23-27<\/span><span class=\"vcard rich-snippet-hidden\"><span class=\"fn\"><a href=\"https:\/\/galcastellonsur.com\/ca\/author\/root_1vlm04z3\/\" title=\"Entrades de admin\" rel=\"author\">admin<\/a><\/span><\/span><span class=\"updated rich-snippet-hidden\">2025-07-02T13:24:33+00:00<\/span><div class=\"panel-heading\"><h4 id=\"faq_1-4119\" class=\"panel-title toggle\"><a data-toggle=\"collapse\" class=\"collapsed\" data-parent=\"#accordian-1\" data-target=\"#collapse-1-4119\" href=\"#collapse-1-4119\" aria-expanded=\"false\"><div class=\"fusion-toggle-icon-wrapper\"><div class=\"fusion-toggle-icon-wrapper-main\"><div class=\"fusion-toggle-icon-wrapper-sub\"><i class=\"fa-fusion-box active-icon awb-icon-minus\" aria-hidden=\"true\"><\/i><i class=\"fa-fusion-box inactive-icon awb-icon-plus\" aria-hidden=\"true\"><\/i><\/div><\/div><\/div><div class=\"fusion-toggle-heading\">Ajudes Leader 23-27<\/div><\/a><\/h4><\/div><div id=\"collapse-1-4119\" aria-labelledby=\"faq_1-4119\" class=\"panel-collapse collapse\"><div class=\"panel-body toggle-content post-content\"><ul>\n<li><a href=\"https:\/\/dogv.gva.es\/es\/eli\/es-vc\/o\/2025\/02\/28\/5\">ORDRE DE BASES REGULADORES \u2013 DOGV 10061 (06.03.2025)<\/a><\/li>\n<li><a href=\"https:\/\/dogv.gva.es\/es\/resultat-dogv?signatura=2025\/10401\">CORRECCI\u00d3 D&#8217;ERRORS BASES REGULADORES \u2013 DOGV 10084 (09.04.2025)<\/a><\/li>\n<li><a href=\"https:\/dogv.gva.es\/datos\/2025\/05\/14\/pdf\/2025_15283_es.pdf\">CONVOCAT\u00d2RIA AJUDES LEADER 2023-2027 \u2013 DOGV<\/a><\/li>\n<li><a href=\"https:\/galcastellonsur1420.org\/wp-content\/uploads\/2025\/05\/AGL05_Convocatoria-CASUR_CAS.pdf\">CONVOCAT\u00d2RIA DEL GAL CASUR<\/a><\/li>\n<\/ul>\n<p><\/p>\n<h2><strong>Formularis<\/strong><\/h2>\n<p><strong>Formularis Projectes Productius (creaci\u00f3\/millora d&#8217;empresa i tiquet rural)<\/strong><\/p>\n<ul>\n<li><a href=\"https:\/\/galcastellonsur1420.org\/wp-content\/uploads\/2025\/05\/DOC-1A-Plantilla-Plan-Empresarial_CASUR.docx\">Plantilla-Pla-Empresarial_CASUR<\/a><\/li>\n<li><a href=\"http:\/\/chrome-extension:\/\/efaidnbmnnnibpcajpcglclefindmkaj\/https:\/siac-front.gva.es\/siac-front\/public\/descarga\/es\/F153603\">Declaraci\u00f3 de la Condici\u00f3 de PIME<\/a><\/li>\n<\/ul>\n<p><strong>Formularis Projectes No Productius (ajuntaments, associacions, \u2026etc.)<\/strong><\/p>\n<ul>\n<li><a href=\"https:\/\/galcastellonsur1420.org\/wp-content\/uploads\/2025\/05\/DOC-1B-Memoria-descriptiva-no-productivos_CASUR.docx\">1B-Mem\u00f2ria-descriptiva-no-productius_CASUR<\/a><\/li>\n<\/ul>\n<h2><\/h2>\n<h2><strong>Altres documents d&#8217;inter\u00e9s<\/strong><\/h2>\n<ul>\n<li><a href=\"https:\/\/galcastellonsur1420.org\/wp-content\/uploads\/2025\/05\/GUIA-TRAMITE-ESPECIFICO-SOLICITUD-AYUDA_CASUR_CAS.pdf\">GUIA-TR\u00c0MIT-ESPECIFIC-SOL\u00b7LICITUD-AJUDA_CASUR_CAS<\/a><\/li>\n<li><a href=\"https:\/\/galcastellonsur1420.org\/wp-content\/uploads\/2025\/05\/DOC-3.-Proyectos-tecnicos.pdf\">Projectes-t\u00e8cnics<\/a><\/li>\n<li>\u00cdndex de ruralitat<\/li>\n<li>Criteris de valoraci\u00f3<\/li>\n<li><a href=\"https:\/\/galcastellonsur1420.org\/wp-content\/uploads\/2025\/05\/DOC-2-Municipios-despoblamiento_CASUR.pdf\">Municipis en risc de despoblaci\u00f3-CASUR<\/a><\/li>\n<\/ul>\n<\/div><\/div><\/div><\/div><\/div><\/div><\/div><\/div><\/div><\/div><\/div><div class=\"fusion-fullwidth fullwidth-box fusion-builder-row-4 fusion-flex-container has-pattern-background has-mask-background nonhundred-percent-fullwidth non-hundred-percent-height-scrolling\" style=\"--awb-border-radius-top-left:0px;--awb-border-radius-top-right:0px;--awb-border-radius-bottom-right:0px;--awb-border-radius-bottom-left:0px;--awb-padding-bottom:32px;--awb-background-color:var(--awb-color2);--awb-flex-wrap:wrap;\" ><div class=\"fusion-builder-row fusion-row fusion-flex-align-items-flex-start fusion-flex-content-wrap\" style=\"max-width:1310.4px;margin-left: calc(-4% \/ 2 );margin-right: calc(-4% \/ 2 );\"><div class=\"fusion-layout-column fusion_builder_column fusion-builder-column-4 fusion_builder_column_1_1 1_1 fusion-flex-column\" style=\"--awb-bg-size:cover;--awb-width-large:100%;--awb-margin-top-large:20px;--awb-spacing-right-large:1.92%;--awb-margin-bottom-large:20px;--awb-spacing-left-large:1.92%;--awb-width-medium:100%;--awb-order-medium:0;--awb-spacing-right-medium:1.92%;--awb-spacing-left-medium:1.92%;--awb-width-small:100%;--awb-order-small:0;--awb-spacing-right-small:1.92%;--awb-spacing-left-small:1.92%;\"><div class=\"fusion-column-wrapper fusion-column-has-shadow fusion-flex-justify-content-flex-start fusion-content-layout-column\"><div ><a class=\"fusion-button button-flat fusion-button-default-size button-default fusion-button-default button-1 fusion-button-default-span fusion-button-default-type\" style=\"--button_margin-bottom:20px;\" target=\"_self\" data-hover=\"icon_slide\" href=\"https:\/\/sede.gva.es\/es\/inicio\/procedimientos?id_proc=19338\"><i class=\"fa-book fas awb-button__icon awb-button__icon--default button-icon-left\" aria-hidden=\"true\"><\/i><span class=\"fusion-button-text awb-button__text awb-button__text--default\">ACC\u00c9S AL TR\u00c0MIT DE SOL\u00b7LICITUD<\/span><\/a><\/div><div ><a class=\"fusion-button button-flat fusion-button-default-size button-default fusion-button-default button-2 fusion-button-default-span fusion-button-default-type\" style=\"--button_margin-bottom:20px;\" target=\"_self\" data-hover=\"icon_slide\" href=\"https:\/\/galcastellonsur1420.org\/wp-content\/uploads\/2025\/05\/AGL05_Convocatoria-CASUR_CAS.pdf\"><i class=\"fa-book fas awb-button__icon awb-button__icon--default button-icon-left\" aria-hidden=\"true\"><\/i><span class=\"fusion-button-text awb-button__text awb-button__text--default\">CONVOCAT\u00d2RIA<\/span><\/a><\/div><\/div><\/div><\/div><\/div><\/p>\n","protected":false},"excerpt":{"rendered":"","protected":false},"author":1,"featured_media":0,"parent":0,"menu_order":0,"comment_status":"closed","ping_status":"closed","template":"100-width.php","meta":{"footnotes":""},"class_list":["post-4020","page","type-page","status-publish","hentry"],"yoast_head":"<!-- This site is optimized with the Yoast SEO plugin v25.5 - https:\/\/yoast.com\/wordpress\/plugins\/seo\/ -->\n<title>EDLP 23-27 - Gal Castell\u00f3n Sur<\/title>\n<meta name=\"robots\" content=\"index, follow, max-snippet:-1, max-image-preview:large, max-video-preview:-1\" \/>\n<link rel=\"canonical\" href=\"https:\/\/galcastellonsur.com\/ca\/edlp-23-27\/\" \/>\n<meta property=\"og:locale\" content=\"ca_ES\" \/>\n<meta property=\"og:type\" content=\"article\" \/>\n<meta property=\"og:title\" content=\"EDLP 23-27 - Gal Castell\u00f3n Sur\" \/>\n<meta property=\"og:url\" content=\"https:\/\/galcastellonsur.com\/ca\/edlp-23-27\/\" \/>\n<meta property=\"og:site_name\" content=\"Gal Castell\u00f3n Sur\" \/>\n<meta property=\"article:publisher\" content=\"https:\/\/www.facebook.com\/GALCastellonSur1420\" \/>\n<meta property=\"article:modified_time\" content=\"2025-07-08T10:35:50+00:00\" \/>\n<meta name=\"twitter:card\" content=\"summary_large_image\" \/>\n<meta name=\"twitter:label1\" content=\"Temps estimat de lectura\" \/>\n\t<meta name=\"twitter:data1\" content=\"12 minuts\" \/>\n<script type=\"application\/ld+json\" class=\"yoast-schema-graph\">{\"@context\":\"https:\/\/schema.org\",\"@graph\":[{\"@type\":\"WebPage\",\"@id\":\"https:\/\/galcastellonsur.com\/ca\/edlp-23-27\/\",\"url\":\"https:\/\/galcastellonsur.com\/ca\/edlp-23-27\/\",\"name\":\"EDLP 23-27 - Gal Castell\u00f3n Sur\",\"isPartOf\":{\"@id\":\"https:\/\/galcastellonsur.com\/#website\"},\"datePublished\":\"2025-05-14T08:56:27+00:00\",\"dateModified\":\"2025-07-08T10:35:50+00:00\",\"breadcrumb\":{\"@id\":\"https:\/\/galcastellonsur.com\/ca\/edlp-23-27\/#breadcrumb\"},\"inLanguage\":\"ca\",\"potentialAction\":[{\"@type\":\"ReadAction\",\"target\":[\"https:\/\/galcastellonsur.com\/ca\/edlp-23-27\/\"]}]},{\"@type\":\"BreadcrumbList\",\"@id\":\"https:\/\/galcastellonsur.com\/ca\/edlp-23-27\/#breadcrumb\",\"itemListElement\":[{\"@type\":\"ListItem\",\"position\":1,\"name\":\"Portada\",\"item\":\"https:\/\/galcastellonsur.com\/ca\/inici\/\"},{\"@type\":\"ListItem\",\"position\":2,\"name\":\"EDLP 23-27\"}]},{\"@type\":\"WebSite\",\"@id\":\"https:\/\/galcastellonsur.com\/#website\",\"url\":\"https:\/\/galcastellonsur.com\/\",\"name\":\"Gal Castell\u00f3n Sur\",\"description\":\"Entidad sin \u00e1nimo de lucro, creada para promover el desarrollo territorial\",\"publisher\":{\"@id\":\"https:\/\/galcastellonsur.com\/#organization\"},\"potentialAction\":[{\"@type\":\"SearchAction\",\"target\":{\"@type\":\"EntryPoint\",\"urlTemplate\":\"https:\/\/galcastellonsur.com\/?s={search_term_string}\"},\"query-input\":{\"@type\":\"PropertyValueSpecification\",\"valueRequired\":true,\"valueName\":\"search_term_string\"}}],\"inLanguage\":\"ca\"},{\"@type\":\"Organization\",\"@id\":\"https:\/\/galcastellonsur.com\/#organization\",\"name\":\"Gal Castell\u00f3n Sur\",\"url\":\"https:\/\/galcastellonsur.com\/\",\"logo\":{\"@type\":\"ImageObject\",\"inLanguage\":\"ca\",\"@id\":\"https:\/\/galcastellonsur.com\/#\/schema\/logo\/image\/\",\"url\":\"https:\/\/galcastellonsur.com\/wp-content\/uploads\/2021\/01\/casur.jpg\",\"contentUrl\":\"https:\/\/galcastellonsur.com\/wp-content\/uploads\/2021\/01\/casur.jpg\",\"width\":940,\"height\":788,\"caption\":\"Gal Castell\u00f3n Sur\"},\"image\":{\"@id\":\"https:\/\/galcastellonsur.com\/#\/schema\/logo\/image\/\"},\"sameAs\":[\"https:\/\/www.facebook.com\/GALCastellonSur1420\",\"https:\/\/www.instagram.com\/galcastellonsur\/\"]}]}<\/script>\n<!-- \/ Yoast SEO plugin. -->","yoast_head_json":{"title":"EDLP 23-27 - Gal Castell\u00f3n Sur","robots":{"index":"index","follow":"follow","max-snippet":"max-snippet:-1","max-image-preview":"max-image-preview:large","max-video-preview":"max-video-preview:-1"},"canonical":"https:\/\/galcastellonsur.com\/ca\/edlp-23-27\/","og_locale":"ca_ES","og_type":"article","og_title":"EDLP 23-27 - Gal Castell\u00f3n Sur","og_url":"https:\/\/galcastellonsur.com\/ca\/edlp-23-27\/","og_site_name":"Gal Castell\u00f3n Sur","article_publisher":"https:\/\/www.facebook.com\/GALCastellonSur1420","article_modified_time":"2025-07-08T10:35:50+00:00","twitter_card":"summary_large_image","twitter_misc":{"Temps estimat de lectura":"12 minuts"},"schema":{"@context":"https:\/\/schema.org","@graph":[{"@type":"WebPage","@id":"https:\/\/galcastellonsur.com\/ca\/edlp-23-27\/","url":"https:\/\/galcastellonsur.com\/ca\/edlp-23-27\/","name":"EDLP 23-27 - Gal Castell\u00f3n Sur","isPartOf":{"@id":"https:\/\/galcastellonsur.com\/#website"},"datePublished":"2025-05-14T08:56:27+00:00","dateModified":"2025-07-08T10:35:50+00:00","breadcrumb":{"@id":"https:\/\/galcastellonsur.com\/ca\/edlp-23-27\/#breadcrumb"},"inLanguage":"ca","potentialAction":[{"@type":"ReadAction","target":["https:\/\/galcastellonsur.com\/ca\/edlp-23-27\/"]}]},{"@type":"BreadcrumbList","@id":"https:\/\/galcastellonsur.com\/ca\/edlp-23-27\/#breadcrumb","itemListElement":[{"@type":"ListItem","position":1,"name":"Portada","item":"https:\/\/galcastellonsur.com\/ca\/inici\/"},{"@type":"ListItem","position":2,"name":"EDLP 23-27"}]},{"@type":"WebSite","@id":"https:\/\/galcastellonsur.com\/#website","url":"https:\/\/galcastellonsur.com\/","name":"Gal Castell\u00f3n Sur","description":"Entidad sin \u00e1nimo de lucro, creada para promover el desarrollo territorial","publisher":{"@id":"https:\/\/galcastellonsur.com\/#organization"},"potentialAction":[{"@type":"SearchAction","target":{"@type":"EntryPoint","urlTemplate":"https:\/\/galcastellonsur.com\/?s={search_term_string}"},"query-input":{"@type":"PropertyValueSpecification","valueRequired":true,"valueName":"search_term_string"}}],"inLanguage":"ca"},{"@type":"Organization","@id":"https:\/\/galcastellonsur.com\/#organization","name":"Gal Castell\u00f3n Sur","url":"https:\/\/galcastellonsur.com\/","logo":{"@type":"ImageObject","inLanguage":"ca","@id":"https:\/\/galcastellonsur.com\/#\/schema\/logo\/image\/","url":"https:\/\/galcastellonsur.com\/wp-content\/uploads\/2021\/01\/casur.jpg","contentUrl":"https:\/\/galcastellonsur.com\/wp-content\/uploads\/2021\/01\/casur.jpg","width":940,"height":788,"caption":"Gal Castell\u00f3n Sur"},"image":{"@id":"https:\/\/galcastellonsur.com\/#\/schema\/logo\/image\/"},"sameAs":["https:\/\/www.facebook.com\/GALCastellonSur1420","https:\/\/www.instagram.com\/galcastellonsur\/"]}]}},"_links":{"self":[{"href":"https:\/\/galcastellonsur.com\/ca\/wp-json\/wp\/v2\/pages\/4020","targetHints":{"allow":["GET"]}}],"collection":[{"href":"https:\/\/galcastellonsur.com\/ca\/wp-json\/wp\/v2\/pages"}],"about":[{"href":"https:\/\/galcastellonsur.com\/ca\/wp-json\/wp\/v2\/types\/page"}],"author":[{"embeddable":true,"href":"https:\/\/galcastellonsur.com\/ca\/wp-json\/wp\/v2\/users\/1"}],"replies":[{"embeddable":true,"href":"https:\/\/galcastellonsur.com\/ca\/wp-json\/wp\/v2\/comments?post=4020"}],"version-history":[{"count":4,"href":"https:\/\/galcastellonsur.com\/ca\/wp-json\/wp\/v2\/pages\/4020\/revisions"}],"predecessor-version":[{"id":4407,"href":"https:\/\/galcastellonsur.com\/ca\/wp-json\/wp\/v2\/pages\/4020\/revisions\/4407"}],"wp:attachment":[{"href":"https:\/\/galcastellonsur.com\/ca\/wp-json\/wp\/v2\/media?parent=4020"}],"curies":[{"name":"wp","href":"https:\/\/api.w.org\/{rel}","templated":true}]}}