{"id":4029,"date":"2025-05-16T08:26:29","date_gmt":"2025-05-16T08:26:29","guid":{"rendered":"https:\/\/stoic-almeida.82-223-107-92.plesk.page\/crea-rural\/"},"modified":"2025-07-03T10:05:26","modified_gmt":"2025-07-03T10:05:26","slug":"crea-rural","status":"publish","type":"page","link":"https:\/\/galcastellonsur.com\/ca\/crea-rural\/","title":{"rendered":"Crea Rural"},"content":{"rendered":"<p><div class=\"fusion-fullwidth fullwidth-box fusion-builder-row-1 fusion-flex-container nonhundred-percent-fullwidth non-hundred-percent-height-scrolling\" style=\"--awb-border-radius-top-left:0px;--awb-border-radius-top-right:0px;--awb-border-radius-bottom-right:0px;--awb-border-radius-bottom-left:0px;--awb-padding-top:0px;--awb-padding-bottom:55px;--awb-padding-bottom-medium:80px;--awb-padding-top-small:24px;--awb-padding-bottom-small:90px;--awb-flex-wrap:wrap;\" ><div class=\"fusion-builder-row fusion-row fusion-flex-align-items-center fusion-flex-content-wrap\" style=\"max-width:1310.4px;margin-left: calc(-4% \/ 2 );margin-right: calc(-4% \/ 2 );\"><div class=\"fusion-layout-column fusion_builder_column fusion-builder-column-0 fusion_builder_column_1_1 1_1 fusion-flex-column\" style=\"--awb-bg-size:cover;--awb-width-large:100%;--awb-margin-top-large:20px;--awb-spacing-right-large:7.68%;--awb-margin-bottom-large:20px;--awb-spacing-left-large:5.76%;--awb-width-medium:60%;--awb-order-medium:0;--awb-spacing-right-medium:12.8%;--awb-spacing-left-medium:9.6%;--awb-width-small:100%;--awb-order-small:0;--awb-spacing-right-small:1.92%;--awb-spacing-left-small:1.92%;\"><div class=\"fusion-column-wrapper fusion-column-has-shadow fusion-flex-justify-content-center fusion-content-layout-column\"><div class=\"fusion-title title fusion-title-1 fusion-sep-none fusion-title-text fusion-title-size-two\" style=\"--awb-margin-top:0px;\"><h2 class=\"fusion-title-heading title-heading-left fusion-responsive-typography-calculated\" style=\"margin:0;--fontSize:24;--minFontSize:24;line-height:1.2;\"><h3>Xarxa Valenciana Rural d&#8217;Emprenedoria:<br \/>CRE-A RURAL<\/h3><\/h2><\/div><div class=\"fusion-text fusion-text-1\"><p>El projecte de Cooperaci\u00f3 Xarxa Rural Valenciana d&#8217;Emprenedoria CRE-A Rural \u00e9s una iniciativa promoguda pel GAL Castell\u00f3n Sur, GAL ASIR-Sud d&#8217;Alacant, GAL Rural Muntanya d\u2019Alacant, i GAL Rurable (Val\u00e8ncia)<\/p>\n<p><strong>OBJECTIU GENERAL:<\/strong><\/p>\n<p>Dinamitzar econ\u00f2micament les zones rurals, avaluar el seu potencial d&#8217;atracci\u00f3, fomentar la creaci\u00f3 d&#8217;una comunitat d&#8217;emprenedors i fer costat a l&#8217;emprenedoria i la innovaci\u00f3 social i sostenible.<\/p>\n<p><strong>OBJECTIUS ESPEC\u00cdFICS:<\/strong><\/p>\n<p>1.- Dinamitzaci\u00f3 econ\u00f2mica de les zones rurals per a mantindre i atraure talent hum\u00e0 i fixar poblaci\u00f3.<br \/>2.- Avaluaci\u00f3 del potencial d&#8217;atracci\u00f3 i retenci\u00f3 de l&#8217;espai rural.<br \/>3.- Foment i creaci\u00f3 d&#8217;una comunitat d&#8217;emprenedors, professionals i empreses de l&#8217;entorn rural.<br \/>4.- Suport a l&#8217;emprenedoria i la innovaci\u00f3 social i sostenible.<\/p>\n<p>Conveni de Col\u00b7laboraci\u00f3: Projecte \u201cXARXA VALENCIANA RURAL D&#8217;EMPRENEDORIA: CRE-A RURAL\u201d<br \/>Projecte de Cooperaci\u00f3: \u201cXARXA VALENCIANA RURAL D&#8217;EMPRENEDORIA: CRE-A RURAL<\/p>\n<\/div><\/div><\/div><\/div><\/div><div class=\"fusion-fullwidth fullwidth-box fusion-builder-row-2 fusion-flex-container nonhundred-percent-fullwidth non-hundred-percent-height-scrolling\" style=\"--awb-border-radius-top-left:0px;--awb-border-radius-top-right:0px;--awb-border-radius-bottom-right:0px;--awb-border-radius-bottom-left:0px;--awb-padding-top:0px;--awb-padding-bottom:90px;--awb-padding-bottom-medium:80px;--awb-padding-top-small:24px;--awb-padding-bottom-small:90px;--awb-background-color:var(--awb-color2);--awb-flex-wrap:wrap;\" ><div class=\"fusion-builder-row fusion-row fusion-flex-align-items-center fusion-flex-content-wrap\" style=\"max-width:1310.4px;margin-left: calc(-4% \/ 2 );margin-right: calc(-4% \/ 2 );\"><div class=\"fusion-layout-column fusion_builder_column fusion-builder-column-1 fusion_builder_column_1_1 1_1 fusion-flex-column fusion-flex-align-self-flex-start\" style=\"--awb-bg-size:cover;--awb-width-large:100%;--awb-margin-top-large:20px;--awb-spacing-right-large:7.68%;--awb-margin-bottom-large:20px;--awb-spacing-left-large:5.76%;--awb-width-medium:60%;--awb-order-medium:0;--awb-spacing-right-medium:12.8%;--awb-spacing-left-medium:9.6%;--awb-width-small:100%;--awb-order-small:0;--awb-spacing-right-small:1.92%;--awb-spacing-left-small:1.92%;\"><div class=\"fusion-column-wrapper fusion-column-has-shadow fusion-flex-justify-content-center fusion-content-layout-column\"><div class=\"fusion-title title fusion-title-2 fusion-sep-none fusion-title-text fusion-title-size-two\" style=\"--awb-margin-top:0px;\"><h2 class=\"fusion-title-heading title-heading-left fusion-responsive-typography-calculated\" style=\"margin:0;--fontSize:24;--minFontSize:24;line-height:1.2;\"><h4>L\u00ednia d&#8217;acci\u00f3 1. DIAGN\u00d2STIC PER A VIURE I TREBALLAR <\/h4><\/h2><\/div><div class=\"fusion-text fusion-text-2\"><p>Conscienciar i mobilitzar a la poblaci\u00f3 i agents p\u00fablics i privats dels nostres territoris mitjan\u00e7ant l&#8217;avaluaci\u00f3 del potencial d&#8217;atracci\u00f3 i retenci\u00f3 d&#8217;emprenedors per a la detecci\u00f3 de necessitats i potencialitats.<\/p>\n<\/div><\/div><\/div><div class=\"fusion-layout-column fusion_builder_column fusion-builder-column-2 fusion_builder_column_1_2 1_2 fusion-flex-column\" style=\"--awb-padding-left:4px;--awb-bg-size:cover;--awb-width-large:50%;--awb-margin-top-large:20px;--awb-spacing-right-large:3.84%;--awb-margin-bottom-large:20px;--awb-spacing-left-large:11.136%;--awb-width-medium:50%;--awb-order-medium:0;--awb-spacing-right-medium:3.84%;--awb-spacing-left-medium:11.136%;--awb-width-small:100%;--awb-order-small:0;--awb-spacing-right-small:1.92%;--awb-spacing-left-small:1.92%;\"><div class=\"fusion-column-wrapper fusion-column-has-shadow fusion-flex-justify-content-flex-start fusion-content-layout-column\"><div class=\"fusion-image-element \" style=\"--awb-caption-title-font-family:var(--h2_typography-font-family);--awb-caption-title-font-weight:var(--h2_typography-font-weight);--awb-caption-title-font-style:var(--h2_typography-font-style);--awb-caption-title-size:var(--h2_typography-font-size);--awb-caption-title-transform:var(--h2_typography-text-transform);--awb-caption-title-line-height:var(--h2_typography-line-height);--awb-caption-title-letter-spacing:var(--h2_typography-letter-spacing);\"><span class=\" fusion-imageframe imageframe-none imageframe-1 hover-type-none\" style=\"border-radius:12px;\"><a class=\"fusion-no-lightbox\" href=\"https:\/\/fadit.org\/ele\/es\/ele.php\" target=\"_self\" aria-label=\"banners-ele-1024&#215;250\"><img decoding=\"async\" width=\"1024\" height=\"250\" src=\"https:\/\/galcastellonsur.com\/wp-content\/uploads\/2025\/05\/banners-ele-1024x250-1.jpg\" data-orig-src=\"https:\/\/galcastellonsur.com\/wp-content\/uploads\/2025\/05\/banners-ele-1024x250-1.jpg\" alt class=\"lazyload img-responsive wp-image-3847\" srcset=\"data:image\/svg+xml,%3Csvg%20xmlns%3D%27http%3A%2F%2Fwww.w3.org%2F2000%2Fsvg%27%20width%3D%271024%27%20height%3D%27250%27%20viewBox%3D%270%200%201024%20250%27%3E%3Crect%20width%3D%271024%27%20height%3D%27250%27%20fill-opacity%3D%220%22%2F%3E%3C%2Fsvg%3E\" data-srcset=\"https:\/\/galcastellonsur.com\/wp-content\/uploads\/2025\/05\/banners-ele-1024x250-1-200x49.jpg 200w, https:\/\/galcastellonsur.com\/wp-content\/uploads\/2025\/05\/banners-ele-1024x250-1-400x98.jpg 400w, https:\/\/galcastellonsur.com\/wp-content\/uploads\/2025\/05\/banners-ele-1024x250-1-600x146.jpg 600w, https:\/\/galcastellonsur.com\/wp-content\/uploads\/2025\/05\/banners-ele-1024x250-1-800x195.jpg 800w, https:\/\/galcastellonsur.com\/wp-content\/uploads\/2025\/05\/banners-ele-1024x250-1.jpg 1024w\" data-sizes=\"auto\" data-orig-sizes=\"(max-width: 640px) 100vw, 600px\" \/><\/a><\/span><\/div><\/div><\/div><div class=\"fusion-layout-column fusion_builder_column fusion-builder-column-3 fusion_builder_column_1_2 1_2 fusion-flex-column\" style=\"--awb-bg-size:cover;--awb-width-large:50%;--awb-margin-top-large:20px;--awb-spacing-right-large:3.84%;--awb-margin-bottom-large:20px;--awb-spacing-left-large:3.84%;--awb-width-medium:50%;--awb-order-medium:0;--awb-spacing-right-medium:3.84%;--awb-spacing-left-medium:3.84%;--awb-width-small:100%;--awb-order-small:0;--awb-spacing-right-small:1.92%;--awb-spacing-left-small:1.92%;\"><div class=\"fusion-column-wrapper fusion-column-has-shadow fusion-flex-justify-content-flex-start fusion-content-layout-column\"><div class=\"fusion-text fusion-text-3\"><p><strong>FACTORS D\u2019ATRACCI\u00d3 I RETENCI\u00d3 DE POBLACI\u00d3<\/strong><\/p>\n<ul>\n<li>\n<div>Estudi sobre el factor CONNECTIVITAT<\/div>\n<\/li>\n<li>\n<div>Estudi sobre el factor HABITATGE<\/div>\n<\/li>\n<li>\n<div>Estudi sobre el factor MOBILITAT<\/div>\n<\/li>\n<li>\n<div>An\u00e0lisi de la Sistem\u00e0tica d&#8217;AUTOAVALUACI\u00d3<\/div>\n<\/li>\n<\/ul>\n<div><strong><a title=\"GUIA PER A L'AUTOAVALUACI\u00d3\" href=\"https:\/\/galcastellonsur1420.org\/?ddownload=1780\" target=\"_blank\" rel=\"nofollow noopener\">GUIA PER A L&#8217;AUTOAVALUACI\u00d3<\/a><\/strong><\/div>\n<\/div><\/div><\/div><\/div><\/div><div class=\"fusion-fullwidth fullwidth-box fusion-builder-row-3 fusion-flex-container nonhundred-percent-fullwidth non-hundred-percent-height-scrolling\" style=\"--awb-border-radius-top-left:0px;--awb-border-radius-top-right:0px;--awb-border-radius-bottom-right:0px;--awb-border-radius-bottom-left:0px;--awb-padding-top:31px;--awb-padding-bottom:41px;--awb-padding-bottom-medium:80px;--awb-padding-top-small:24px;--awb-padding-bottom-small:90px;--awb-background-color:#ffffff;--awb-flex-wrap:wrap;\" ><div class=\"fusion-builder-row fusion-row fusion-flex-align-items-center fusion-flex-content-wrap\" style=\"max-width:1310.4px;margin-left: calc(-4% \/ 2 );margin-right: calc(-4% \/ 2 );\"><div class=\"fusion-layout-column fusion_builder_column fusion-builder-column-4 fusion_builder_column_1_1 1_1 fusion-flex-column fusion-flex-align-self-flex-start\" style=\"--awb-bg-size:cover;--awb-width-large:100%;--awb-margin-top-large:20px;--awb-spacing-right-large:7.68%;--awb-margin-bottom-large:20px;--awb-spacing-left-large:5.76%;--awb-width-medium:60%;--awb-order-medium:0;--awb-spacing-right-medium:12.8%;--awb-spacing-left-medium:9.6%;--awb-width-small:100%;--awb-order-small:0;--awb-spacing-right-small:1.92%;--awb-spacing-left-small:1.92%;\"><div class=\"fusion-column-wrapper fusion-column-has-shadow fusion-flex-justify-content-center fusion-content-layout-column\"><div class=\"fusion-title title fusion-title-3 fusion-sep-none fusion-title-text fusion-title-size-two\" style=\"--awb-margin-top:0px;\"><h2 class=\"fusion-title-heading title-heading-left fusion-responsive-typography-calculated\" style=\"margin:0;--fontSize:24;--minFontSize:24;line-height:1.2;\"><div id=\"fws_6825f6a8834e1\" class=\"wpb_row vc_row-fluid vc_row standard_section \" data-midnight=\"dark\" data-bg-mobile-hidden=\"\">\n<div class=\"col span_12 dark left\">\n<div class=\"vc_col-sm-12 wpb_column column_container vc_column_container col no-extra-padding instance-6\" data-border-radius=\"none\" data-shadow=\"none\" data-border-animation=\"\" data-border-animation-delay=\"\" data-border-width=\"none\" data-border-style=\"solid\" data-border-color=\"\" data-bg-cover=\"\" data-padding-pos=\"all\" data-has-bg-color=\"false\" data-bg-color=\"\" data-bg-opacity=\"1\" data-hover-bg=\"\" data-hover-bg-opacity=\"1\" data-animation=\"\" data-delay=\"0\">\n<div class=\"vc_column-inner\">\n<div class=\"wpb_wrapper\">\n<div class=\"wpb_text_column wpb_content_element \">\n<div class=\"wpb_wrapper\">\n<h4>L\u00ednia d&#8217;acci\u00f3 2. PROGRAMA DE MENTORITZACI\u00d3 DE PIMES <\/h4>\n<\/div>\n<\/div>\n<\/div>\n<\/div>\n<\/div>\n<\/div>\n<\/div><\/h2><\/div><div class=\"fusion-text fusion-text-4\"><div id=\"fws_6825f6a88370e\" class=\"wpb_row vc_row-fluid vc_row standard_section \" data-midnight=\"dark\" data-bg-mobile-hidden=\"\">\n<div class=\"col span_12 dark left\">\n<div class=\"vc_col-sm-12 wpb_column column_container vc_column_container col no-extra-padding instance-7\" data-border-radius=\"none\" data-shadow=\"none\" data-border-animation=\"\" data-border-animation-delay=\"\" data-border-width=\"none\" data-border-style=\"solid\" data-border-color=\"\" data-bg-cover=\"\" data-padding-pos=\"all\" data-has-bg-color=\"false\" data-bg-color=\"\" data-bg-opacity=\"1\" data-hover-bg=\"\" data-hover-bg-opacity=\"1\" data-animation=\"\" data-delay=\"0\">\n<div class=\"vc_column-inner\">\n<div class=\"wpb_wrapper\">\n<div class=\"wpb_text_column wpb_content_element \">\n<div class=\"wpb_wrapper\">\n<p>Assessorament i memoritzaci\u00f3 d&#8217;empreses i emprenedors de les zones rurals, com a eina d&#8217;adaptaci\u00f3 a nous processos de negoci<\/p>\n<\/div>\n<\/div>\n<\/div>\n<\/div>\n<\/div>\n<\/div>\n<\/div>\n<div id=\"fws_6825f6a883918\" class=\"wpb_row vc_row-fluid vc_row standard_section \" data-midnight=\"dark\" data-bg-mobile-hidden=\"\">\n<div class=\"col span_12 dark left\">\n<div class=\"vc_col-sm-12 wpb_column column_container vc_column_container col no-extra-padding instance-8\" data-border-radius=\"none\" data-shadow=\"none\" data-border-animation=\"\" data-border-animation-delay=\"\" data-border-width=\"none\" data-border-style=\"solid\" data-border-color=\"\" data-bg-cover=\"\" data-padding-pos=\"all\" data-has-bg-color=\"false\" data-bg-color=\"\" data-bg-opacity=\"1\" data-hover-bg=\"\" data-hover-bg-opacity=\"1\" data-animation=\"\" data-delay=\"0\">\n<div class=\"vc_column-inner\">\n<div class=\"wpb_wrapper\">\n<div class=\"wpb_text_column wpb_content_element \">\n<div class=\"wpb_wrapper\">\n<ul>\n<li>\n<div>BASES PARTICIPACI\u00d3 Programa Mentoritzaci\u00f3 PIMES<\/div>\n<\/li>\n<li>\n<div>MEM\u00d2RIA FINAL Programa Mentoritzaci\u00f3 PIMES<\/div>\n<\/li>\n<\/ul>\n<\/div>\n<\/div>\n<\/div>\n<\/div>\n<\/div>\n<\/div>\n<\/div>\n<\/div><\/div><\/div><\/div><\/div><\/p>\n","protected":false},"excerpt":{"rendered":"","protected":false},"author":1,"featured_media":0,"parent":0,"menu_order":0,"comment_status":"closed","ping_status":"closed","template":"100-width.php","meta":{"footnotes":""},"class_list":["post-4029","page","type-page","status-publish","hentry"],"yoast_head":"<!-- This site is optimized with the Yoast SEO plugin v25.5 - https:\/\/yoast.com\/wordpress\/plugins\/seo\/ -->\n<title>Crea Rural - Gal Castell\u00f3n Sur<\/title>\n<meta name=\"robots\" content=\"index, follow, max-snippet:-1, max-image-preview:large, max-video-preview:-1\" \/>\n<link rel=\"canonical\" href=\"https:\/\/galcastellonsur.com\/ca\/crea-rural\/\" \/>\n<meta property=\"og:locale\" content=\"ca_ES\" \/>\n<meta property=\"og:type\" content=\"article\" \/>\n<meta property=\"og:title\" content=\"Crea Rural - Gal Castell\u00f3n Sur\" \/>\n<meta property=\"og:url\" content=\"https:\/\/galcastellonsur.com\/ca\/crea-rural\/\" \/>\n<meta property=\"og:site_name\" content=\"Gal Castell\u00f3n Sur\" \/>\n<meta property=\"article:publisher\" content=\"https:\/\/www.facebook.com\/GALCastellonSur1420\" \/>\n<meta property=\"article:modified_time\" content=\"2025-07-03T10:05:26+00:00\" \/>\n<meta name=\"twitter:card\" content=\"summary_large_image\" \/>\n<meta name=\"twitter:label1\" content=\"Temps estimat de lectura\" \/>\n\t<meta name=\"twitter:data1\" content=\"11 minuts\" \/>\n<script type=\"application\/ld+json\" class=\"yoast-schema-graph\">{\"@context\":\"https:\/\/schema.org\",\"@graph\":[{\"@type\":\"WebPage\",\"@id\":\"https:\/\/galcastellonsur.com\/ca\/crea-rural\/\",\"url\":\"https:\/\/galcastellonsur.com\/ca\/crea-rural\/\",\"name\":\"Crea Rural - Gal Castell\u00f3n Sur\",\"isPartOf\":{\"@id\":\"https:\/\/galcastellonsur.com\/#website\"},\"datePublished\":\"2025-05-16T08:26:29+00:00\",\"dateModified\":\"2025-07-03T10:05:26+00:00\",\"breadcrumb\":{\"@id\":\"https:\/\/galcastellonsur.com\/ca\/crea-rural\/#breadcrumb\"},\"inLanguage\":\"ca\",\"potentialAction\":[{\"@type\":\"ReadAction\",\"target\":[\"https:\/\/galcastellonsur.com\/ca\/crea-rural\/\"]}]},{\"@type\":\"BreadcrumbList\",\"@id\":\"https:\/\/galcastellonsur.com\/ca\/crea-rural\/#breadcrumb\",\"itemListElement\":[{\"@type\":\"ListItem\",\"position\":1,\"name\":\"Portada\",\"item\":\"https:\/\/galcastellonsur.com\/ca\/inici\/\"},{\"@type\":\"ListItem\",\"position\":2,\"name\":\"Crea Rural\"}]},{\"@type\":\"WebSite\",\"@id\":\"https:\/\/galcastellonsur.com\/#website\",\"url\":\"https:\/\/galcastellonsur.com\/\",\"name\":\"Gal Castell\u00f3n Sur\",\"description\":\"Entidad sin \u00e1nimo de lucro, creada para promover el desarrollo territorial\",\"publisher\":{\"@id\":\"https:\/\/galcastellonsur.com\/#organization\"},\"potentialAction\":[{\"@type\":\"SearchAction\",\"target\":{\"@type\":\"EntryPoint\",\"urlTemplate\":\"https:\/\/galcastellonsur.com\/?s={search_term_string}\"},\"query-input\":{\"@type\":\"PropertyValueSpecification\",\"valueRequired\":true,\"valueName\":\"search_term_string\"}}],\"inLanguage\":\"ca\"},{\"@type\":\"Organization\",\"@id\":\"https:\/\/galcastellonsur.com\/#organization\",\"name\":\"Gal Castell\u00f3n Sur\",\"url\":\"https:\/\/galcastellonsur.com\/\",\"logo\":{\"@type\":\"ImageObject\",\"inLanguage\":\"ca\",\"@id\":\"https:\/\/galcastellonsur.com\/#\/schema\/logo\/image\/\",\"url\":\"https:\/\/galcastellonsur.com\/wp-content\/uploads\/2021\/01\/casur.jpg\",\"contentUrl\":\"https:\/\/galcastellonsur.com\/wp-content\/uploads\/2021\/01\/casur.jpg\",\"width\":940,\"height\":788,\"caption\":\"Gal Castell\u00f3n Sur\"},\"image\":{\"@id\":\"https:\/\/galcastellonsur.com\/#\/schema\/logo\/image\/\"},\"sameAs\":[\"https:\/\/www.facebook.com\/GALCastellonSur1420\",\"https:\/\/www.instagram.com\/galcastellonsur\/\"]}]}<\/script>\n<!-- \/ Yoast SEO plugin. -->","yoast_head_json":{"title":"Crea Rural - Gal Castell\u00f3n Sur","robots":{"index":"index","follow":"follow","max-snippet":"max-snippet:-1","max-image-preview":"max-image-preview:large","max-video-preview":"max-video-preview:-1"},"canonical":"https:\/\/galcastellonsur.com\/ca\/crea-rural\/","og_locale":"ca_ES","og_type":"article","og_title":"Crea Rural - Gal Castell\u00f3n Sur","og_url":"https:\/\/galcastellonsur.com\/ca\/crea-rural\/","og_site_name":"Gal Castell\u00f3n Sur","article_publisher":"https:\/\/www.facebook.com\/GALCastellonSur1420","article_modified_time":"2025-07-03T10:05:26+00:00","twitter_card":"summary_large_image","twitter_misc":{"Temps estimat de lectura":"11 minuts"},"schema":{"@context":"https:\/\/schema.org","@graph":[{"@type":"WebPage","@id":"https:\/\/galcastellonsur.com\/ca\/crea-rural\/","url":"https:\/\/galcastellonsur.com\/ca\/crea-rural\/","name":"Crea Rural - Gal Castell\u00f3n Sur","isPartOf":{"@id":"https:\/\/galcastellonsur.com\/#website"},"datePublished":"2025-05-16T08:26:29+00:00","dateModified":"2025-07-03T10:05:26+00:00","breadcrumb":{"@id":"https:\/\/galcastellonsur.com\/ca\/crea-rural\/#breadcrumb"},"inLanguage":"ca","potentialAction":[{"@type":"ReadAction","target":["https:\/\/galcastellonsur.com\/ca\/crea-rural\/"]}]},{"@type":"BreadcrumbList","@id":"https:\/\/galcastellonsur.com\/ca\/crea-rural\/#breadcrumb","itemListElement":[{"@type":"ListItem","position":1,"name":"Portada","item":"https:\/\/galcastellonsur.com\/ca\/inici\/"},{"@type":"ListItem","position":2,"name":"Crea Rural"}]},{"@type":"WebSite","@id":"https:\/\/galcastellonsur.com\/#website","url":"https:\/\/galcastellonsur.com\/","name":"Gal Castell\u00f3n Sur","description":"Entidad sin \u00e1nimo de lucro, creada para promover el desarrollo territorial","publisher":{"@id":"https:\/\/galcastellonsur.com\/#organization"},"potentialAction":[{"@type":"SearchAction","target":{"@type":"EntryPoint","urlTemplate":"https:\/\/galcastellonsur.com\/?s={search_term_string}"},"query-input":{"@type":"PropertyValueSpecification","valueRequired":true,"valueName":"search_term_string"}}],"inLanguage":"ca"},{"@type":"Organization","@id":"https:\/\/galcastellonsur.com\/#organization","name":"Gal Castell\u00f3n Sur","url":"https:\/\/galcastellonsur.com\/","logo":{"@type":"ImageObject","inLanguage":"ca","@id":"https:\/\/galcastellonsur.com\/#\/schema\/logo\/image\/","url":"https:\/\/galcastellonsur.com\/wp-content\/uploads\/2021\/01\/casur.jpg","contentUrl":"https:\/\/galcastellonsur.com\/wp-content\/uploads\/2021\/01\/casur.jpg","width":940,"height":788,"caption":"Gal Castell\u00f3n Sur"},"image":{"@id":"https:\/\/galcastellonsur.com\/#\/schema\/logo\/image\/"},"sameAs":["https:\/\/www.facebook.com\/GALCastellonSur1420","https:\/\/www.instagram.com\/galcastellonsur\/"]}]}},"_links":{"self":[{"href":"https:\/\/galcastellonsur.com\/ca\/wp-json\/wp\/v2\/pages\/4029","targetHints":{"allow":["GET"]}}],"collection":[{"href":"https:\/\/galcastellonsur.com\/ca\/wp-json\/wp\/v2\/pages"}],"about":[{"href":"https:\/\/galcastellonsur.com\/ca\/wp-json\/wp\/v2\/types\/page"}],"author":[{"embeddable":true,"href":"https:\/\/galcastellonsur.com\/ca\/wp-json\/wp\/v2\/users\/1"}],"replies":[{"embeddable":true,"href":"https:\/\/galcastellonsur.com\/ca\/wp-json\/wp\/v2\/comments?post=4029"}],"version-history":[{"count":2,"href":"https:\/\/galcastellonsur.com\/ca\/wp-json\/wp\/v2\/pages\/4029\/revisions"}],"predecessor-version":[{"id":4031,"href":"https:\/\/galcastellonsur.com\/ca\/wp-json\/wp\/v2\/pages\/4029\/revisions\/4031"}],"wp:attachment":[{"href":"https:\/\/galcastellonsur.com\/ca\/wp-json\/wp\/v2\/media?parent=4029"}],"curies":[{"name":"wp","href":"https:\/\/api.w.org\/{rel}","templated":true}]}}